{"id":868,"date":"2019-12-18T09:19:48","date_gmt":"2019-12-18T08:19:48","guid":{"rendered":"http:\/\/servicio.us.es\/ogpi\/inicio\/quiero-un-proyecto-internacional\/"},"modified":"2019-12-18T09:19:49","modified_gmt":"2019-12-18T08:19:49","slug":"quiero-un-proyecto-internacional","status":"publish","type":"page","link":"https:\/\/servicio.us.es\/ogpi\/inicio\/quiero-un-proyecto-internacional\/","title":{"rendered":"Quiero un Proyecto Internacional"},"content":{"rendered":"\t\t<div data-elementor-type=\"wp-post\" data-elementor-id=\"868\" class=\"elementor elementor-868\" data-elementor-post-type=\"page\">\n\t\t\t\t\t\t<section class=\"elementor-section elementor-top-section elementor-element elementor-element-e0a4ea3 elementor-section-full_width elementor-section-height-default elementor-section-height-default\" data-id=\"e0a4ea3\" data-element_type=\"section\" data-e-type=\"section\" data-settings=\"{&quot;background_background&quot;:&quot;classic&quot;}\">\n\t\t\t\t\t\t<div class=\"elementor-container elementor-column-gap-default\">\n\t\t\t\t\t<div class=\"elementor-column elementor-col-100 elementor-top-column elementor-element elementor-element-c87765f\" data-id=\"c87765f\" data-element_type=\"column\" data-e-type=\"column\" data-settings=\"{&quot;background_background&quot;:&quot;classic&quot;}\">\n\t\t\t<div class=\"elementor-widget-wrap elementor-element-populated\">\n\t\t\t\t\t\t<section class=\"elementor-section elementor-inner-section elementor-element elementor-element-285ad2c elementor-section-boxed elementor-section-height-default elementor-section-height-default\" data-id=\"285ad2c\" data-element_type=\"section\" data-e-type=\"section\">\n\t\t\t\t\t\t<div class=\"elementor-container elementor-column-gap-default\">\n\t\t\t\t\t<div class=\"elementor-column elementor-col-100 elementor-inner-column elementor-element elementor-element-384ccff\" data-id=\"384ccff\" data-element_type=\"column\" data-e-type=\"column\">\n\t\t\t<div class=\"elementor-widget-wrap elementor-element-populated\">\n\t\t\t\t\t\t\t<\/div>\n\t\t<\/div>\n\t\t\t\t\t<\/div>\n\t\t<\/section>\n\t\t\t\t\t<\/div>\n\t\t<\/div>\n\t\t\t\t\t<\/div>\n\t\t<\/section>\n\t\t\t\t<section class=\"elementor-section elementor-top-section elementor-element elementor-element-b8615f9 elementor-section-boxed elementor-section-height-default elementor-section-height-default\" data-id=\"b8615f9\" data-element_type=\"section\" data-e-type=\"section\">\n\t\t\t\t\t\t<div class=\"elementor-container elementor-column-gap-default\">\n\t\t\t\t\t<div class=\"elementor-column elementor-col-100 elementor-top-column elementor-element elementor-element-8972041\" data-id=\"8972041\" data-element_type=\"column\" data-e-type=\"column\">\n\t\t\t<div class=\"elementor-widget-wrap elementor-element-populated\">\n\t\t\t\t\t\t<div class=\"elementor-element elementor-element-3c78fcc elementor-widget elementor-widget-breadcrumbs\" data-id=\"3c78fcc\" data-element_type=\"widget\" data-e-type=\"widget\" data-widget_type=\"breadcrumbs.default\">\n\t\t\t\t<div class=\"elementor-widget-container\">\n\t\t\t\t\t<p id=\"breadcrumbs\"><\/p>\t\t\t\t<\/div>\n\t\t\t\t<\/div>\n\t\t\t\t\t<\/div>\n\t\t<\/div>\n\t\t\t\t\t<\/div>\n\t\t<\/section>\n\t\t\t\t<section class=\"elementor-section elementor-top-section elementor-element elementor-element-027ad32 elementor-section-boxed elementor-section-height-default elementor-section-height-default\" data-id=\"027ad32\" data-element_type=\"section\" data-e-type=\"section\">\n\t\t\t\t\t\t<div class=\"elementor-container elementor-column-gap-default\">\n\t\t\t\t\t<div class=\"elementor-column elementor-col-50 elementor-top-column elementor-element elementor-element-445a0f5 elementor-hidden-tablet elementor-hidden-phone\" data-id=\"445a0f5\" data-element_type=\"column\" data-e-type=\"column\">\n\t\t\t<div class=\"elementor-widget-wrap elementor-element-populated\">\n\t\t\t\t\t\t<section class=\"elementor-section elementor-inner-section elementor-element elementor-element-f236389 elementor-section-boxed elementor-section-height-default elementor-section-height-default\" data-id=\"f236389\" data-element_type=\"section\" data-e-type=\"section\" data-settings=\"{&quot;sticky&quot;:&quot;top&quot;,&quot;sticky_offset&quot;:50,&quot;sticky_on&quot;:[&quot;desktop&quot;,&quot;tablet&quot;,&quot;mobile&quot;],&quot;sticky_effects_offset&quot;:0,&quot;sticky_anchor_link_offset&quot;:0}\">\n\t\t\t\t\t\t<div class=\"elementor-container elementor-column-gap-default\">\n\t\t\t\t\t<div class=\"elementor-column elementor-col-100 elementor-inner-column elementor-element elementor-element-704f40e\" data-id=\"704f40e\" data-element_type=\"column\" data-e-type=\"column\">\n\t\t\t<div class=\"elementor-widget-wrap elementor-element-populated\">\n\t\t\t\t\t\t<div class=\"elementor-element elementor-element-accf36b elementor-nav-menu__align-start elementor-nav-menu--dropdown-mobile navLateral elementor-nav-menu__text-align-aside elementor-nav-menu--toggle elementor-nav-menu--burger elementor-widget elementor-widget-nav-menu\" data-id=\"accf36b\" data-element_type=\"widget\" data-e-type=\"widget\" data-settings=\"{&quot;layout&quot;:&quot;vertical&quot;,&quot;submenu_icon&quot;:{&quot;value&quot;:&quot;&lt;i class=\\&quot;fas fa-caret-down\\&quot;&gt;&lt;\\\/i&gt;&quot;,&quot;library&quot;:&quot;fa-solid&quot;},&quot;toggle&quot;:&quot;burger&quot;}\" data-widget_type=\"nav-menu.default\">\n\t\t\t\t<div class=\"elementor-widget-container\">\n\t\t\t\t\t\t\t\t<nav aria-label=\"Men\u00fa\" class=\"elementor-nav-menu--main elementor-nav-menu__container elementor-nav-menu--layout-vertical e--pointer-none\">\n\t\t\t\t<ul id=\"menu-1-accf36b\" class=\"elementor-nav-menu sm-vertical\"><li class=\"menu-item menu-item-type-custom menu-item-object-custom menu-item-164\"><a href=\"\/ogpi\/inicio\/quiero-un-proyecto-internacional\/#ancla1\" class=\"elementor-item elementor-item-anchor\">Horizonte Europa<\/a><\/li>\n<li class=\"menu-item menu-item-type-custom menu-item-object-custom menu-item-165\"><a href=\"\/ogpi\/inicio\/quiero-un-proyecto-internacional\/#ancla2\" class=\"elementor-item elementor-item-anchor\">Erasmus+<\/a><\/li>\n<\/ul>\t\t\t<\/nav>\n\t\t\t\t\t<div class=\"elementor-menu-toggle\" role=\"button\" tabindex=\"0\" aria-label=\"Alternar men\u00fa\" aria-expanded=\"false\">\n\t\t\t<i aria-hidden=\"true\" role=\"presentation\" class=\"elementor-menu-toggle__icon--open eicon-menu-bar\"><\/i><i aria-hidden=\"true\" role=\"presentation\" class=\"elementor-menu-toggle__icon--close eicon-close\"><\/i>\t\t<\/div>\n\t\t\t\t\t<nav class=\"elementor-nav-menu--dropdown elementor-nav-menu__container\" aria-hidden=\"true\">\n\t\t\t\t<ul id=\"menu-2-accf36b\" class=\"elementor-nav-menu sm-vertical\"><li class=\"menu-item menu-item-type-custom menu-item-object-custom menu-item-164\"><a href=\"\/ogpi\/inicio\/quiero-un-proyecto-internacional\/#ancla1\" class=\"elementor-item elementor-item-anchor\" tabindex=\"-1\">Horizonte Europa<\/a><\/li>\n<li class=\"menu-item menu-item-type-custom menu-item-object-custom menu-item-165\"><a href=\"\/ogpi\/inicio\/quiero-un-proyecto-internacional\/#ancla2\" class=\"elementor-item elementor-item-anchor\" tabindex=\"-1\">Erasmus+<\/a><\/li>\n<\/ul>\t\t\t<\/nav>\n\t\t\t\t\t\t<\/div>\n\t\t\t\t<\/div>\n\t\t\t\t\t<\/div>\n\t\t<\/div>\n\t\t\t\t\t<\/div>\n\t\t<\/section>\n\t\t\t\t\t<\/div>\n\t\t<\/div>\n\t\t\t\t<div class=\"elementor-column elementor-col-50 elementor-top-column elementor-element elementor-element-22fe25d\" data-id=\"22fe25d\" data-element_type=\"column\" data-e-type=\"column\">\n\t\t\t<div class=\"elementor-widget-wrap elementor-element-populated\">\n\t\t\t\t\t\t<section class=\"elementor-section elementor-inner-section elementor-element elementor-element-33c5956 elementor-section-boxed elementor-section-height-default elementor-section-height-default\" data-id=\"33c5956\" data-element_type=\"section\" data-e-type=\"section\">\n\t\t\t\t\t\t<div class=\"elementor-container elementor-column-gap-default\">\n\t\t\t\t\t<div class=\"elementor-column elementor-col-100 elementor-inner-column elementor-element elementor-element-b69895e\" data-id=\"b69895e\" data-element_type=\"column\" data-e-type=\"column\">\n\t\t\t<div class=\"elementor-widget-wrap elementor-element-populated\">\n\t\t\t\t\t\t<div class=\"elementor-element elementor-element-9eb7374 elementor-widget elementor-widget-menu-anchor\" data-id=\"9eb7374\" data-element_type=\"widget\" data-e-type=\"widget\" data-widget_type=\"menu-anchor.default\">\n\t\t\t\t<div class=\"elementor-widget-container\">\n\t\t\t\t\t\t\t<div class=\"elementor-menu-anchor\" id=\"ancla1\"><\/div>\n\t\t\t\t\t\t<\/div>\n\t\t\t\t<\/div>\n\t\t\t\t<div class=\"elementor-element elementor-element-30636f1 elementor-widget elementor-widget-heading\" data-id=\"30636f1\" data-element_type=\"widget\" data-e-type=\"widget\" data-widget_type=\"heading.default\">\n\t\t\t\t<div class=\"elementor-widget-container\">\n\t\t\t\t\t<h2 class=\"elementor-heading-title elementor-size-default\">Proyectos Internacionales de Investigaci\u00f3n (H2020)<\/h2>\t\t\t\t<\/div>\n\t\t\t\t<\/div>\n\t\t\t\t\t<\/div>\n\t\t<\/div>\n\t\t\t\t\t<\/div>\n\t\t<\/section>\n\t\t\t\t<section class=\"elementor-section elementor-top-section elementor-element elementor-element-78e929a elementor-section-boxed elementor-section-height-default elementor-section-height-default\" data-id=\"78e929a\" data-element_type=\"section\" data-e-type=\"section\">\n\t\t\t\t\t\t<div class=\"elementor-container elementor-column-gap-default\">\n\t\t\t\t\t<div class=\"elementor-column elementor-col-100 elementor-top-column elementor-element elementor-element-b13eb59\" data-id=\"b13eb59\" data-element_type=\"column\" data-e-type=\"column\">\n\t\t\t<div class=\"elementor-widget-wrap elementor-element-populated\">\n\t\t\t\t\t\t<div class=\"elementor-element elementor-element-6526f24 elementor-widget elementor-widget-text-editor\" data-id=\"6526f24\" data-element_type=\"widget\" data-e-type=\"widget\" data-widget_type=\"text-editor.default\">\n\t\t\t\t<div class=\"elementor-widget-container\">\n\t\t\t\t\t\t\t\t\t<p>Si te han invitado a participar en un proyecto de investigaci\u00f3n internacional o quieres coordinar uno, esta es tu secci\u00f3n. La informaci\u00f3n b\u00e1sica que debes conocer para preparar una propuesta de proyecto internacional de investigaci\u00f3n est\u00e1 disponible en la Gu\u00eda de Proyectos Europeos <span style=\"color: #ff0000;\">(LINK)<\/span> y en este documento, que incluye la siguiente informaci\u00f3n:<\/p>\n<ul>\n<li>Preparaci\u00f3n de propuestas (OGPI)<\/li>\n<li>Formas de participaci\u00f3n<\/li>\n<li>Partes de una propuesta<\/li>\n<li>Env\u00edo telem\u00e1tico<\/li>\n<li>El PIC<\/li>\n<li>Datos de contacto<\/li>\n<li>Third Parties (FIUS, AICIA, FIDETIA y grupos mixtos)<\/li>\n<li>Cartas de compromiso<\/li>\n<li>Acuerdos legales en la fase de propuesta: CA\/NDA\/MOU\/LoC\/LoI<\/li>\n<li>Investigador Principal (IP)<\/li>\n<li>Equipo de trabajo<\/li>\n<li>Presupuesto<\/li>\n<li>Otros Recursos (Links)<\/li>\n<\/ul>\n<p>Pulsa en el siguiente enlace para descargar la gu\u00eda de Proyectos Internacionales de Investigaci\u00f3n.<\/p>\n\t\t\t\t\t\t\t\t<\/div>\n\t\t\t\t<\/div>\n\t\t\t\t<div class=\"elementor-element elementor-element-d6752e3 elementor-align-left elementor-widget elementor-widget-button\" data-id=\"d6752e3\" data-element_type=\"widget\" data-e-type=\"widget\" data-widget_type=\"button.default\">\n\t\t\t\t<div class=\"elementor-widget-container\">\n\t\t\t\t\t\t\t\t\t<div class=\"elementor-button-wrapper\">\n\t\t\t\t\t<a class=\"elementor-button elementor-button-link elementor-size-sm\" href=\"#\">\n\t\t\t\t\t\t<span class=\"elementor-button-content-wrapper\">\n\t\t\t\t\t\t\t\t\t<span class=\"elementor-button-text\">DESCARGAR GU\u00cdA<\/span>\n\t\t\t\t\t<\/span>\n\t\t\t\t\t<\/a>\n\t\t\t\t<\/div>\n\t\t\t\t\t\t\t\t<\/div>\n\t\t\t\t<\/div>\n\t\t\t\t\t<\/div>\n\t\t<\/div>\n\t\t\t\t\t<\/div>\n\t\t<\/section>\n\t\t\t\t<div class=\"elementor-element elementor-element-07ce6fb elementor-widget elementor-widget-spacer\" data-id=\"07ce6fb\" data-element_type=\"widget\" data-e-type=\"widget\" data-widget_type=\"spacer.default\">\n\t\t\t\t<div class=\"elementor-widget-container\">\n\t\t\t\t\t\t\t<div class=\"elementor-spacer\">\n\t\t\t<div class=\"elementor-spacer-inner\"><\/div>\n\t\t<\/div>\n\t\t\t\t\t\t<\/div>\n\t\t\t\t<\/div>\n\t\t\t\t<div class=\"elementor-element elementor-element-b6d84a8 elementor-widget-divider--view-line elementor-widget elementor-widget-divider\" data-id=\"b6d84a8\" data-element_type=\"widget\" data-e-type=\"widget\" data-widget_type=\"divider.default\">\n\t\t\t\t<div class=\"elementor-widget-container\">\n\t\t\t\t\t\t\t<div class=\"elementor-divider\">\n\t\t\t<span class=\"elementor-divider-separator\">\n\t\t\t\t\t\t<\/span>\n\t\t<\/div>\n\t\t\t\t\t\t<\/div>\n\t\t\t\t<\/div>\n\t\t\t\t<div class=\"elementor-element elementor-element-b9c5f21 elementor-widget elementor-widget-spacer\" data-id=\"b9c5f21\" data-element_type=\"widget\" data-e-type=\"widget\" data-widget_type=\"spacer.default\">\n\t\t\t\t<div class=\"elementor-widget-container\">\n\t\t\t\t\t\t\t<div class=\"elementor-spacer\">\n\t\t\t<div class=\"elementor-spacer-inner\"><\/div>\n\t\t<\/div>\n\t\t\t\t\t\t<\/div>\n\t\t\t\t<\/div>\n\t\t\t\t<div class=\"elementor-element elementor-element-b139b2e elementor-widget elementor-widget-menu-anchor\" data-id=\"b139b2e\" data-element_type=\"widget\" data-e-type=\"widget\" data-widget_type=\"menu-anchor.default\">\n\t\t\t\t<div class=\"elementor-widget-container\">\n\t\t\t\t\t\t\t<div class=\"elementor-menu-anchor\" id=\"ancla2\"><\/div>\n\t\t\t\t\t\t<\/div>\n\t\t\t\t<\/div>\n\t\t\t\t<section class=\"elementor-section elementor-inner-section elementor-element elementor-element-08fa138 elementor-section-boxed elementor-section-height-default elementor-section-height-default\" data-id=\"08fa138\" data-element_type=\"section\" data-e-type=\"section\">\n\t\t\t\t\t\t<div class=\"elementor-container elementor-column-gap-default\">\n\t\t\t\t\t<div class=\"elementor-column elementor-col-100 elementor-inner-column elementor-element elementor-element-b4fc3e5\" data-id=\"b4fc3e5\" data-element_type=\"column\" data-e-type=\"column\">\n\t\t\t<div class=\"elementor-widget-wrap elementor-element-populated\">\n\t\t\t\t\t\t<div class=\"elementor-element elementor-element-6bde9b8 elementor-widget elementor-widget-heading\" data-id=\"6bde9b8\" data-element_type=\"widget\" data-e-type=\"widget\" data-widget_type=\"heading.default\">\n\t\t\t\t<div class=\"elementor-widget-container\">\n\t\t\t\t\t<h2 class=\"elementor-heading-title elementor-size-default\">Proyectos Internacionales acad\u00e9micos (Erasmus +)<\/h2>\t\t\t\t<\/div>\n\t\t\t\t<\/div>\n\t\t\t\t<div class=\"elementor-element elementor-element-979a997 elementor-widget elementor-widget-text-editor\" data-id=\"979a997\" data-element_type=\"widget\" data-e-type=\"widget\" data-widget_type=\"text-editor.default\">\n\t\t\t\t<div class=\"elementor-widget-container\">\n\t\t\t\t\t\t\t\t\t<p>Si te han invitado a participar en un proyecto de investigaci\u00f3n acad\u00e9mico o quieres coordinar uno, esta es tu secci\u00f3n. La informaci\u00f3n b\u00e1sica que debes conocer para preparar una propuesta de proyecto internacional de investigaci\u00f3n est\u00e1 disponible en este documento, que incluye la siguiente informaci\u00f3n:<\/p>\n<ul>\n<li>Preparaci\u00f3n de propuestas (OGPI)<\/li>\n<li>Formas de participaci\u00f3n<\/li>\n<li>El PIC<\/li>\n<li>Datos de contacto<\/li>\n<\/ul>\n<p>Pulsa en el siguiente enlace para descargar la gu\u00eda de la Unidad de Proyectos Internacionales Acad\u00e9micos<\/p>\n\t\t\t\t\t\t\t\t<\/div>\n\t\t\t\t<\/div>\n\t\t\t\t<div class=\"elementor-element elementor-element-ad7fd90 elementor-align-left elementor-widget elementor-widget-button\" data-id=\"ad7fd90\" data-element_type=\"widget\" data-e-type=\"widget\" data-widget_type=\"button.default\">\n\t\t\t\t<div class=\"elementor-widget-container\">\n\t\t\t\t\t\t\t\t\t<div class=\"elementor-button-wrapper\">\n\t\t\t\t\t<a class=\"elementor-button elementor-button-link elementor-size-sm\" href=\"#\">\n\t\t\t\t\t\t<span class=\"elementor-button-content-wrapper\">\n\t\t\t\t\t\t\t\t\t<span class=\"elementor-button-text\">DESCARGAR GU\u00cdA<\/span>\n\t\t\t\t\t<\/span>\n\t\t\t\t\t<\/a>\n\t\t\t\t<\/div>\n\t\t\t\t\t\t\t\t<\/div>\n\t\t\t\t<\/div>\n\t\t\t\t\t<\/div>\n\t\t<\/div>\n\t\t\t\t\t<\/div>\n\t\t<\/section>\n\t\t\t\t<div class=\"elementor-element elementor-element-9d517b8 elementor-widget elementor-widget-spacer\" data-id=\"9d517b8\" data-element_type=\"widget\" data-e-type=\"widget\" data-widget_type=\"spacer.default\">\n\t\t\t\t<div class=\"elementor-widget-container\">\n\t\t\t\t\t\t\t<div class=\"elementor-spacer\">\n\t\t\t<div class=\"elementor-spacer-inner\"><\/div>\n\t\t<\/div>\n\t\t\t\t\t\t<\/div>\n\t\t\t\t<\/div>\n\t\t\t\t\t<\/div>\n\t\t<\/div>\n\t\t\t\t\t<\/div>\n\t\t<\/section>\n\t\t\t\t<\/div>\n\t\t","protected":false},"excerpt":{"rendered":"<p>Proyectos Internacionales de Investigaci\u00f3n (H2020) Si te han invitado a participar en un proyecto de investigaci\u00f3n internacional o quieres coordinar uno, esta es tu secci\u00f3n. La informaci\u00f3n b\u00e1sica que debes conocer para preparar una propuesta de proyecto internacional de investigaci\u00f3n est\u00e1 disponible en la Gu\u00eda de Proyectos Europeos (LINK) y en este documento, que incluye &#8230; <a title=\"Quiero un Proyecto Internacional\" class=\"read-more\" href=\"https:\/\/servicio.us.es\/ogpi\/inicio\/quiero-un-proyecto-internacional\/\" aria-label=\"Leer m\u00e1s sobre Quiero un Proyecto Internacional\">Leer m\u00e1s<\/a><\/p>\n","protected":false},"author":1,"featured_media":843,"parent":830,"menu_order":0,"comment_status":"closed","ping_status":"closed","template":"elementor_header_footer","meta":{"footnotes":""},"class_list":["post-868","page","type-page","status-publish","has-post-thumbnail"],"yoast_head":"<!-- This site is optimized with the Yoast SEO plugin v25.4 - https:\/\/yoast.com\/wordpress\/plugins\/seo\/ -->\n<title>Quiero un Proyecto Internacional - OGPI<\/title>\n<meta name=\"robots\" content=\"index, follow, max-snippet:-1, max-image-preview:large, max-video-preview:-1\" \/>\n<link rel=\"canonical\" href=\"https:\/\/servicio.us.es\/ogpi\/inicio\/quiero-un-proyecto-internacional\/\" \/>\n<meta property=\"og:locale\" content=\"es_ES\" \/>\n<meta property=\"og:type\" content=\"article\" \/>\n<meta property=\"og:title\" content=\"Quiero un Proyecto Internacional - OGPI\" \/>\n<meta property=\"og:description\" content=\"Proyectos Internacionales de Investigaci\u00f3n (H2020) Si te han invitado a participar en un proyecto de investigaci\u00f3n internacional o quieres coordinar uno, esta es tu secci\u00f3n. La informaci\u00f3n b\u00e1sica que debes conocer para preparar una propuesta de proyecto internacional de investigaci\u00f3n est\u00e1 disponible en la Gu\u00eda de Proyectos Europeos (LINK) y en este documento, que incluye ... Leer m\u00e1s\" \/>\n<meta property=\"og:url\" content=\"https:\/\/servicio.us.es\/ogpi\/inicio\/quiero-un-proyecto-internacional\/\" \/>\n<meta property=\"og:site_name\" content=\"OGPI\" \/>\n<meta property=\"article:modified_time\" content=\"2019-12-18T08:19:49+00:00\" \/>\n<meta property=\"og:image\" content=\"https:\/\/servicio.us.es\/ogpi\/wp-content\/uploads\/2019\/08\/duotone-13.png\" \/>\n\t<meta property=\"og:image:width\" content=\"1440\" \/>\n\t<meta property=\"og:image:height\" content=\"961\" \/>\n\t<meta property=\"og:image:type\" content=\"image\/png\" \/>\n<meta name=\"twitter:card\" content=\"summary_large_image\" \/>\n<meta name=\"twitter:label1\" content=\"Tiempo de lectura\" \/>\n\t<meta name=\"twitter:data1\" content=\"1 minuto\" \/>\n<script type=\"application\/ld+json\" class=\"yoast-schema-graph\">{\"@context\":\"https:\/\/schema.org\",\"@graph\":[{\"@type\":\"WebPage\",\"@id\":\"https:\/\/servicio.us.es\/ogpi\/inicio\/quiero-un-proyecto-internacional\/\",\"url\":\"https:\/\/servicio.us.es\/ogpi\/inicio\/quiero-un-proyecto-internacional\/\",\"name\":\"Quiero un Proyecto Internacional - OGPI\",\"isPartOf\":{\"@id\":\"https:\/\/localhost\/ogpi\/#website\"},\"primaryImageOfPage\":{\"@id\":\"https:\/\/servicio.us.es\/ogpi\/inicio\/quiero-un-proyecto-internacional\/#primaryimage\"},\"image\":{\"@id\":\"https:\/\/servicio.us.es\/ogpi\/inicio\/quiero-un-proyecto-internacional\/#primaryimage\"},\"thumbnailUrl\":\"https:\/\/servicio.us.es\/ogpi\/wp-content\/uploads\/2019\/08\/duotone-13.png\",\"datePublished\":\"2019-12-18T08:19:48+00:00\",\"dateModified\":\"2019-12-18T08:19:49+00:00\",\"breadcrumb\":{\"@id\":\"https:\/\/servicio.us.es\/ogpi\/inicio\/quiero-un-proyecto-internacional\/#breadcrumb\"},\"inLanguage\":\"es\",\"potentialAction\":[{\"@type\":\"ReadAction\",\"target\":[\"https:\/\/servicio.us.es\/ogpi\/inicio\/quiero-un-proyecto-internacional\/\"]}]},{\"@type\":\"ImageObject\",\"inLanguage\":\"es\",\"@id\":\"https:\/\/servicio.us.es\/ogpi\/inicio\/quiero-un-proyecto-internacional\/#primaryimage\",\"url\":\"https:\/\/servicio.us.es\/ogpi\/wp-content\/uploads\/2019\/08\/duotone-13.png\",\"contentUrl\":\"https:\/\/servicio.us.es\/ogpi\/wp-content\/uploads\/2019\/08\/duotone-13.png\",\"width\":1440,\"height\":961},{\"@type\":\"BreadcrumbList\",\"@id\":\"https:\/\/servicio.us.es\/ogpi\/inicio\/quiero-un-proyecto-internacional\/#breadcrumb\",\"itemListElement\":[{\"@type\":\"ListItem\",\"position\":1,\"name\":\"Home\",\"item\":\"https:\/\/servicio.us.es\/ogpi\/inicio\/\"},{\"@type\":\"ListItem\",\"position\":2,\"name\":\"Quiero un Proyecto Internacional\"}]},{\"@type\":\"WebSite\",\"@id\":\"https:\/\/localhost\/ogpi\/#website\",\"url\":\"https:\/\/localhost\/ogpi\/\",\"name\":\"OGPI\",\"description\":\"Oficina General de Proyectos Internacionales de la Universidad de Sevilla\",\"publisher\":{\"@id\":\"https:\/\/localhost\/ogpi\/#organization\"},\"potentialAction\":[{\"@type\":\"SearchAction\",\"target\":{\"@type\":\"EntryPoint\",\"urlTemplate\":\"https:\/\/localhost\/ogpi\/?s={search_term_string}\"},\"query-input\":{\"@type\":\"PropertyValueSpecification\",\"valueRequired\":true,\"valueName\":\"search_term_string\"}}],\"inLanguage\":\"es\"},{\"@type\":\"Organization\",\"@id\":\"https:\/\/localhost\/ogpi\/#organization\",\"name\":\"OGPI\",\"url\":\"https:\/\/localhost\/ogpi\/\",\"logo\":{\"@type\":\"ImageObject\",\"inLanguage\":\"es\",\"@id\":\"https:\/\/localhost\/ogpi\/#\/schema\/logo\/image\/\",\"url\":\"https:\/\/servicio.us.es\/ogpi\/wp-content\/uploads\/2019\/08\/cropped-Logo-US.png\",\"contentUrl\":\"https:\/\/servicio.us.es\/ogpi\/wp-content\/uploads\/2019\/08\/cropped-Logo-US.png\",\"width\":122,\"height\":50,\"caption\":\"OGPI\"},\"image\":{\"@id\":\"https:\/\/localhost\/ogpi\/#\/schema\/logo\/image\/\"}}]}<\/script>\n<!-- \/ Yoast SEO plugin. -->","yoast_head_json":{"title":"Quiero un Proyecto Internacional - OGPI","robots":{"index":"index","follow":"follow","max-snippet":"max-snippet:-1","max-image-preview":"max-image-preview:large","max-video-preview":"max-video-preview:-1"},"canonical":"https:\/\/servicio.us.es\/ogpi\/inicio\/quiero-un-proyecto-internacional\/","og_locale":"es_ES","og_type":"article","og_title":"Quiero un Proyecto Internacional - OGPI","og_description":"Proyectos Internacionales de Investigaci\u00f3n (H2020) Si te han invitado a participar en un proyecto de investigaci\u00f3n internacional o quieres coordinar uno, esta es tu secci\u00f3n. La informaci\u00f3n b\u00e1sica que debes conocer para preparar una propuesta de proyecto internacional de investigaci\u00f3n est\u00e1 disponible en la Gu\u00eda de Proyectos Europeos (LINK) y en este documento, que incluye ... Leer m\u00e1s","og_url":"https:\/\/servicio.us.es\/ogpi\/inicio\/quiero-un-proyecto-internacional\/","og_site_name":"OGPI","article_modified_time":"2019-12-18T08:19:49+00:00","og_image":[{"width":1440,"height":961,"url":"https:\/\/servicio.us.es\/ogpi\/wp-content\/uploads\/2019\/08\/duotone-13.png","type":"image\/png"}],"twitter_card":"summary_large_image","twitter_misc":{"Tiempo de lectura":"1 minuto"},"schema":{"@context":"https:\/\/schema.org","@graph":[{"@type":"WebPage","@id":"https:\/\/servicio.us.es\/ogpi\/inicio\/quiero-un-proyecto-internacional\/","url":"https:\/\/servicio.us.es\/ogpi\/inicio\/quiero-un-proyecto-internacional\/","name":"Quiero un Proyecto Internacional - OGPI","isPartOf":{"@id":"https:\/\/localhost\/ogpi\/#website"},"primaryImageOfPage":{"@id":"https:\/\/servicio.us.es\/ogpi\/inicio\/quiero-un-proyecto-internacional\/#primaryimage"},"image":{"@id":"https:\/\/servicio.us.es\/ogpi\/inicio\/quiero-un-proyecto-internacional\/#primaryimage"},"thumbnailUrl":"https:\/\/servicio.us.es\/ogpi\/wp-content\/uploads\/2019\/08\/duotone-13.png","datePublished":"2019-12-18T08:19:48+00:00","dateModified":"2019-12-18T08:19:49+00:00","breadcrumb":{"@id":"https:\/\/servicio.us.es\/ogpi\/inicio\/quiero-un-proyecto-internacional\/#breadcrumb"},"inLanguage":"es","potentialAction":[{"@type":"ReadAction","target":["https:\/\/servicio.us.es\/ogpi\/inicio\/quiero-un-proyecto-internacional\/"]}]},{"@type":"ImageObject","inLanguage":"es","@id":"https:\/\/servicio.us.es\/ogpi\/inicio\/quiero-un-proyecto-internacional\/#primaryimage","url":"https:\/\/servicio.us.es\/ogpi\/wp-content\/uploads\/2019\/08\/duotone-13.png","contentUrl":"https:\/\/servicio.us.es\/ogpi\/wp-content\/uploads\/2019\/08\/duotone-13.png","width":1440,"height":961},{"@type":"BreadcrumbList","@id":"https:\/\/servicio.us.es\/ogpi\/inicio\/quiero-un-proyecto-internacional\/#breadcrumb","itemListElement":[{"@type":"ListItem","position":1,"name":"Home","item":"https:\/\/servicio.us.es\/ogpi\/inicio\/"},{"@type":"ListItem","position":2,"name":"Quiero un Proyecto Internacional"}]},{"@type":"WebSite","@id":"https:\/\/localhost\/ogpi\/#website","url":"https:\/\/localhost\/ogpi\/","name":"OGPI","description":"Oficina General de Proyectos Internacionales de la Universidad de Sevilla","publisher":{"@id":"https:\/\/localhost\/ogpi\/#organization"},"potentialAction":[{"@type":"SearchAction","target":{"@type":"EntryPoint","urlTemplate":"https:\/\/localhost\/ogpi\/?s={search_term_string}"},"query-input":{"@type":"PropertyValueSpecification","valueRequired":true,"valueName":"search_term_string"}}],"inLanguage":"es"},{"@type":"Organization","@id":"https:\/\/localhost\/ogpi\/#organization","name":"OGPI","url":"https:\/\/localhost\/ogpi\/","logo":{"@type":"ImageObject","inLanguage":"es","@id":"https:\/\/localhost\/ogpi\/#\/schema\/logo\/image\/","url":"https:\/\/servicio.us.es\/ogpi\/wp-content\/uploads\/2019\/08\/cropped-Logo-US.png","contentUrl":"https:\/\/servicio.us.es\/ogpi\/wp-content\/uploads\/2019\/08\/cropped-Logo-US.png","width":122,"height":50,"caption":"OGPI"},"image":{"@id":"https:\/\/localhost\/ogpi\/#\/schema\/logo\/image\/"}}]}},"_links":{"self":[{"href":"https:\/\/servicio.us.es\/ogpi\/wp-json\/wp\/v2\/pages\/868","targetHints":{"allow":["GET"]}}],"collection":[{"href":"https:\/\/servicio.us.es\/ogpi\/wp-json\/wp\/v2\/pages"}],"about":[{"href":"https:\/\/servicio.us.es\/ogpi\/wp-json\/wp\/v2\/types\/page"}],"author":[{"embeddable":true,"href":"https:\/\/servicio.us.es\/ogpi\/wp-json\/wp\/v2\/users\/1"}],"replies":[{"embeddable":true,"href":"https:\/\/servicio.us.es\/ogpi\/wp-json\/wp\/v2\/comments?post=868"}],"version-history":[{"count":0,"href":"https:\/\/servicio.us.es\/ogpi\/wp-json\/wp\/v2\/pages\/868\/revisions"}],"up":[{"embeddable":true,"href":"https:\/\/servicio.us.es\/ogpi\/wp-json\/wp\/v2\/pages\/830"}],"wp:featuredmedia":[{"embeddable":true,"href":"https:\/\/servicio.us.es\/ogpi\/wp-json\/wp\/v2\/media\/843"}],"wp:attachment":[{"href":"https:\/\/servicio.us.es\/ogpi\/wp-json\/wp\/v2\/media?parent=868"}],"curies":[{"name":"wp","href":"https:\/\/api.w.org\/{rel}","templated":true}]}}