{"id":493,"date":"2019-09-03T10:35:02","date_gmt":"2019-09-03T08:35:02","guid":{"rendered":"http:\/\/servicio.us.es\/ogpi\/?page_id=493"},"modified":"2025-10-09T12:08:50","modified_gmt":"2025-10-09T10:08:50","slug":"quienes-somos","status":"publish","type":"page","link":"https:\/\/servicio.us.es\/ogpi\/inicio\/quienes-somos\/","title":{"rendered":"Qui\u00e9nes somos"},"content":{"rendered":"\t\t<div data-elementor-type=\"wp-post\" data-elementor-id=\"493\" class=\"elementor elementor-493\" data-elementor-post-type=\"page\">\n\t\t\t\t\t\t<section class=\"elementor-section elementor-top-section elementor-element elementor-element-e0a4ea3 elementor-section-full_width elementor-section-height-default elementor-section-height-default\" data-id=\"e0a4ea3\" data-element_type=\"section\" data-e-type=\"section\" data-settings=\"{&quot;background_background&quot;:&quot;classic&quot;}\">\n\t\t\t\t\t\t<div class=\"elementor-container elementor-column-gap-default\">\n\t\t\t\t\t<div class=\"elementor-column elementor-col-100 elementor-top-column elementor-element elementor-element-c87765f\" data-id=\"c87765f\" data-element_type=\"column\" data-e-type=\"column\" data-settings=\"{&quot;background_background&quot;:&quot;classic&quot;}\">\n\t\t\t<div class=\"elementor-widget-wrap elementor-element-populated\">\n\t\t\t\t\t\t<section class=\"elementor-section elementor-inner-section elementor-element elementor-element-285ad2c elementor-section-boxed elementor-section-height-default elementor-section-height-default\" data-id=\"285ad2c\" data-element_type=\"section\" data-e-type=\"section\">\n\t\t\t\t\t\t<div class=\"elementor-container elementor-column-gap-default\">\n\t\t\t\t\t<div class=\"elementor-column elementor-col-100 elementor-inner-column elementor-element elementor-element-384ccff\" data-id=\"384ccff\" data-element_type=\"column\" data-e-type=\"column\">\n\t\t\t<div class=\"elementor-widget-wrap elementor-element-populated\">\n\t\t\t\t\t\t\t<\/div>\n\t\t<\/div>\n\t\t\t\t\t<\/div>\n\t\t<\/section>\n\t\t\t\t\t<\/div>\n\t\t<\/div>\n\t\t\t\t\t<\/div>\n\t\t<\/section>\n\t\t\t\t<section class=\"elementor-section elementor-top-section elementor-element elementor-element-b8615f9 elementor-section-boxed elementor-section-height-default elementor-section-height-default\" data-id=\"b8615f9\" data-element_type=\"section\" data-e-type=\"section\">\n\t\t\t\t\t\t<div class=\"elementor-container elementor-column-gap-default\">\n\t\t\t\t\t<div class=\"elementor-column elementor-col-100 elementor-top-column elementor-element elementor-element-8972041\" data-id=\"8972041\" data-element_type=\"column\" data-e-type=\"column\">\n\t\t\t<div class=\"elementor-widget-wrap elementor-element-populated\">\n\t\t\t\t\t\t<div class=\"elementor-element elementor-element-3c78fcc elementor-widget elementor-widget-breadcrumbs\" data-id=\"3c78fcc\" data-element_type=\"widget\" data-e-type=\"widget\" data-widget_type=\"breadcrumbs.default\">\n\t\t\t\t<div class=\"elementor-widget-container\">\n\t\t\t\t\t<p id=\"breadcrumbs\"><\/p>\t\t\t\t<\/div>\n\t\t\t\t<\/div>\n\t\t\t\t\t<\/div>\n\t\t<\/div>\n\t\t\t\t\t<\/div>\n\t\t<\/section>\n\t\t\t\t<section class=\"elementor-section elementor-top-section elementor-element elementor-element-027ad32 elementor-section-boxed elementor-section-height-default elementor-section-height-default\" data-id=\"027ad32\" data-element_type=\"section\" data-e-type=\"section\">\n\t\t\t\t\t\t<div class=\"elementor-container elementor-column-gap-default\">\n\t\t\t\t\t<div class=\"elementor-column elementor-col-100 elementor-top-column elementor-element elementor-element-22fe25d\" data-id=\"22fe25d\" data-element_type=\"column\" data-e-type=\"column\">\n\t\t\t<div class=\"elementor-widget-wrap elementor-element-populated\">\n\t\t\t\t\t\t<section class=\"elementor-section elementor-inner-section elementor-element elementor-element-33c5956 elementor-section-boxed elementor-section-height-default elementor-section-height-default\" data-id=\"33c5956\" data-element_type=\"section\" data-e-type=\"section\">\n\t\t\t\t\t\t<div class=\"elementor-container elementor-column-gap-default\">\n\t\t\t\t\t<div class=\"elementor-column elementor-col-100 elementor-inner-column elementor-element elementor-element-b69895e\" data-id=\"b69895e\" data-element_type=\"column\" data-e-type=\"column\">\n\t\t\t<div class=\"elementor-widget-wrap elementor-element-populated\">\n\t\t\t\t\t\t<div class=\"elementor-element elementor-element-9eb7374 elementor-widget elementor-widget-menu-anchor\" data-id=\"9eb7374\" data-element_type=\"widget\" data-e-type=\"widget\" data-widget_type=\"menu-anchor.default\">\n\t\t\t\t<div class=\"elementor-widget-container\">\n\t\t\t\t\t\t\t<div class=\"elementor-menu-anchor\" id=\"ancla1\"><\/div>\n\t\t\t\t\t\t<\/div>\n\t\t\t\t<\/div>\n\t\t\t\t<div class=\"elementor-element elementor-element-2207207 elementor-widget elementor-widget-heading\" data-id=\"2207207\" data-element_type=\"widget\" data-e-type=\"widget\" data-widget_type=\"heading.default\">\n\t\t\t\t<div class=\"elementor-widget-container\">\n\t\t\t\t\t<h2 class=\"elementor-heading-title elementor-size-default\">Qui\u00e9nes somos<\/h2>\t\t\t\t<\/div>\n\t\t\t\t<\/div>\n\t\t\t\t\t<\/div>\n\t\t<\/div>\n\t\t\t\t\t<\/div>\n\t\t<\/section>\n\t\t\t\t<section class=\"elementor-section elementor-inner-section elementor-element elementor-element-f4e067f elementor-section-boxed elementor-section-height-default elementor-section-height-default\" data-id=\"f4e067f\" data-element_type=\"section\" data-e-type=\"section\">\n\t\t\t\t\t\t<div class=\"elementor-container elementor-column-gap-default\">\n\t\t\t\t\t<div class=\"elementor-column elementor-col-100 elementor-inner-column elementor-element elementor-element-b4ea518\" data-id=\"b4ea518\" data-element_type=\"column\" data-e-type=\"column\">\n\t\t\t<div class=\"elementor-widget-wrap elementor-element-populated\">\n\t\t\t\t\t\t<div class=\"elementor-element elementor-element-2d87958 elementor-widget elementor-widget-text-editor\" data-id=\"2d87958\" data-element_type=\"widget\" data-e-type=\"widget\" data-widget_type=\"text-editor.default\">\n\t\t\t\t<div class=\"elementor-widget-container\">\n\t\t\t\t\t\t\t\t\t<p><strong>Direcci\u00f3n.<\/strong><\/p><p>Jos\u00e9 Manuel de la Rosa Utrera &#8211; <a href=\"mailto:dirogpi@us.es\">dirogpi@us.es<\/a><\/p><p><strong>Coordinadora de Proyectos:<\/strong><\/p><p>Sara Navarro Ruiz &#8211; <a href=\"mailto:ogpiasesoria@us.es\">ogpiasesoria@us.es<\/a><\/p><p><strong>Unidad de Proyectos Internacionales de Investigaci\u00f3n.<\/strong><\/p><ul><li>Responsable: Enrique L\u00f3pez Antelo &#8211; <a href=\"mailto:ogpi@us.es\">ogpi@us.es<\/a><\/li><li>Auxiliar Administrativa: Remedios Rivas Romero &#8211; <a href=\"mailto:ogpiadmin@us.es\">ogpiadmin@us.es<\/a><\/li><li>Personal T\u00e9cnico: Jos\u00e9 de la Casa P\u00e9rez &#8211; <a href=\"mailto:ogpiasesoria2@us.es\">ogpiasesoria2@us.es<\/a><\/li><li>Personal T\u00e9cnico: \u00c1ngela de la Cruz Perea &#8211; <a href=\"mailto:ogpiasesoria3@us.es\">ogpiasesoria3@us.es<\/a>\u00a0\u00a0\u00a0\u00a0\u00a0<\/li><li>Tel\u00e9fono de contacto: 954550153\u00a0 \u00a0 \u00a0<\/li><\/ul><p><strong>Unidad de Proyectos Acad\u00e9micos Internacionales.<\/strong><\/p><ul><li>Responsable: Lara Madrazo Garc\u00eda &#8211; <a href=\"mailto:ogpiacademicos@us.es\">ogpiacademicos@us.es<\/a><\/li><li>Gestora de proyectos acad\u00e9micos: M\u00aa del Carmen Carrillo Santos &#8211; <a href=\"mailto:relint17@us.es\">relint17@us.es<\/a> \u00a0\u00a0<\/li><li>Auxiliar Administrativa: Myriam Sol\u00eds Mu\u00f1oz &#8211; <a href=\"mailto:relint22@us.es\">relint22@us.es<\/a><\/li><li>Asesora de propuestas: M\u00aa Jos\u00e9 Jim\u00e9nez Lara &#8211; <a href=\"mailto:ogpiasesoria1@us.es\">ogpiasesoria1@us.es<\/a><\/li><li>Tel\u00e9fono de contacto: 954551445<\/li><\/ul>\t\t\t\t\t\t\t\t<\/div>\n\t\t\t\t<\/div>\n\t\t\t\t\t<\/div>\n\t\t<\/div>\n\t\t\t\t\t<\/div>\n\t\t<\/section>\n\t\t\t\t<div class=\"elementor-element elementor-element-0386f6f elementor-widget elementor-widget-spacer\" data-id=\"0386f6f\" data-element_type=\"widget\" data-e-type=\"widget\" data-widget_type=\"spacer.default\">\n\t\t\t\t<div class=\"elementor-widget-container\">\n\t\t\t\t\t\t\t<div class=\"elementor-spacer\">\n\t\t\t<div class=\"elementor-spacer-inner\"><\/div>\n\t\t<\/div>\n\t\t\t\t\t\t<\/div>\n\t\t\t\t<\/div>\n\t\t\t\t\t<\/div>\n\t\t<\/div>\n\t\t\t\t\t<\/div>\n\t\t<\/section>\n\t\t\t\t<section class=\"elementor-section elementor-top-section elementor-element elementor-element-dcb08df elementor-section-boxed elementor-section-height-default elementor-section-height-default\" data-id=\"dcb08df\" data-element_type=\"section\" data-e-type=\"section\">\n\t\t\t\t\t\t<div class=\"elementor-container elementor-column-gap-default\">\n\t\t\t\t\t<div class=\"elementor-column elementor-col-100 elementor-top-column elementor-element elementor-element-fefe6e3\" data-id=\"fefe6e3\" data-element_type=\"column\" data-e-type=\"column\">\n\t\t\t<div class=\"elementor-widget-wrap elementor-element-populated\">\n\t\t\t\t\t\t<div class=\"elementor-element elementor-element-a4c6751 elementor-widget elementor-widget-heading\" data-id=\"a4c6751\" data-element_type=\"widget\" data-e-type=\"widget\" data-widget_type=\"heading.default\">\n\t\t\t\t<div class=\"elementor-widget-container\">\n\t\t\t\t\t<h2 class=\"elementor-heading-title elementor-size-default\">A\u00f1ade aqu\u00ed tu texto de cabecera<\/h2>\t\t\t\t<\/div>\n\t\t\t\t<\/div>\n\t\t\t\t\t<\/div>\n\t\t<\/div>\n\t\t\t\t\t<\/div>\n\t\t<\/section>\n\t\t\t\t<\/div>\n\t\t","protected":false},"excerpt":{"rendered":"<p>Qui\u00e9nes somos Direcci\u00f3n. Jos\u00e9 Manuel de la Rosa Utrera &#8211; dirogpi@us.es Coordinadora de Proyectos: Sara Navarro Ruiz &#8211; ogpiasesoria@us.es Unidad de Proyectos Internacionales de Investigaci\u00f3n. Responsable: Enrique L\u00f3pez Antelo &#8211; ogpi@us.es Auxiliar Administrativa: Remedios Rivas Romero &#8211; ogpiadmin@us.es Personal T\u00e9cnico: Jos\u00e9 de la Casa P\u00e9rez &#8211; ogpiasesoria2@us.es Personal T\u00e9cnico: \u00c1ngela de la Cruz Perea &#8211; &#8230; <a title=\"Qui\u00e9nes somos\" class=\"read-more\" href=\"https:\/\/servicio.us.es\/ogpi\/inicio\/quienes-somos\/\" aria-label=\"Leer m\u00e1s sobre Qui\u00e9nes somos\">Leer m\u00e1s<\/a><\/p>\n","protected":false},"author":1,"featured_media":31,"parent":6,"menu_order":0,"comment_status":"closed","ping_status":"closed","template":"elementor_header_footer","meta":{"footnotes":""},"class_list":["post-493","page","type-page","status-publish","has-post-thumbnail"],"yoast_head":"<!-- This site is optimized with the Yoast SEO plugin v25.4 - https:\/\/yoast.com\/wordpress\/plugins\/seo\/ -->\n<title>Qui\u00e9nes somos - OGPI<\/title>\n<meta name=\"robots\" content=\"index, follow, max-snippet:-1, max-image-preview:large, max-video-preview:-1\" \/>\n<link rel=\"canonical\" href=\"https:\/\/servicio.us.es\/ogpi\/inicio\/quienes-somos\/\" \/>\n<meta property=\"og:locale\" content=\"es_ES\" \/>\n<meta property=\"og:type\" content=\"article\" \/>\n<meta property=\"og:title\" content=\"Qui\u00e9nes somos - OGPI\" \/>\n<meta property=\"og:description\" content=\"Qui\u00e9nes somos Direcci\u00f3n. Jos\u00e9 Manuel de la Rosa Utrera &#8211; dirogpi@us.es Coordinadora de Proyectos: Sara Navarro Ruiz &#8211; ogpiasesoria@us.es Unidad de Proyectos Internacionales de Investigaci\u00f3n. Responsable: Enrique L\u00f3pez Antelo &#8211; ogpi@us.es Auxiliar Administrativa: Remedios Rivas Romero &#8211; ogpiadmin@us.es Personal T\u00e9cnico: Jos\u00e9 de la Casa P\u00e9rez &#8211; ogpiasesoria2@us.es Personal T\u00e9cnico: \u00c1ngela de la Cruz Perea &#8211; ... Leer m\u00e1s\" \/>\n<meta property=\"og:url\" content=\"https:\/\/servicio.us.es\/ogpi\/inicio\/quienes-somos\/\" \/>\n<meta property=\"og:site_name\" content=\"OGPI\" \/>\n<meta property=\"article:modified_time\" content=\"2025-10-09T10:08:50+00:00\" \/>\n<meta property=\"og:image\" content=\"https:\/\/servicio.us.es\/ogpi\/wp-content\/uploads\/2019\/08\/duotone-13.png\" \/>\n\t<meta property=\"og:image:width\" content=\"1440\" \/>\n\t<meta property=\"og:image:height\" content=\"961\" \/>\n\t<meta property=\"og:image:type\" content=\"image\/png\" \/>\n<meta name=\"twitter:card\" content=\"summary_large_image\" \/>\n<meta name=\"twitter:label1\" content=\"Tiempo de lectura\" \/>\n\t<meta name=\"twitter:data1\" content=\"1 minuto\" \/>\n<script type=\"application\/ld+json\" class=\"yoast-schema-graph\">{\"@context\":\"https:\/\/schema.org\",\"@graph\":[{\"@type\":\"WebPage\",\"@id\":\"https:\/\/servicio.us.es\/ogpi\/inicio\/quienes-somos\/\",\"url\":\"https:\/\/servicio.us.es\/ogpi\/inicio\/quienes-somos\/\",\"name\":\"Qui\u00e9nes somos - OGPI\",\"isPartOf\":{\"@id\":\"https:\/\/localhost\/ogpi\/#website\"},\"primaryImageOfPage\":{\"@id\":\"https:\/\/servicio.us.es\/ogpi\/inicio\/quienes-somos\/#primaryimage\"},\"image\":{\"@id\":\"https:\/\/servicio.us.es\/ogpi\/inicio\/quienes-somos\/#primaryimage\"},\"thumbnailUrl\":\"https:\/\/servicio.us.es\/ogpi\/wp-content\/uploads\/2019\/08\/duotone-13.png\",\"datePublished\":\"2019-09-03T08:35:02+00:00\",\"dateModified\":\"2025-10-09T10:08:50+00:00\",\"breadcrumb\":{\"@id\":\"https:\/\/servicio.us.es\/ogpi\/inicio\/quienes-somos\/#breadcrumb\"},\"inLanguage\":\"es\",\"potentialAction\":[{\"@type\":\"ReadAction\",\"target\":[\"https:\/\/servicio.us.es\/ogpi\/inicio\/quienes-somos\/\"]}]},{\"@type\":\"ImageObject\",\"inLanguage\":\"es\",\"@id\":\"https:\/\/servicio.us.es\/ogpi\/inicio\/quienes-somos\/#primaryimage\",\"url\":\"https:\/\/servicio.us.es\/ogpi\/wp-content\/uploads\/2019\/08\/duotone-13.png\",\"contentUrl\":\"https:\/\/servicio.us.es\/ogpi\/wp-content\/uploads\/2019\/08\/duotone-13.png\",\"width\":1440,\"height\":961},{\"@type\":\"BreadcrumbList\",\"@id\":\"https:\/\/servicio.us.es\/ogpi\/inicio\/quienes-somos\/#breadcrumb\",\"itemListElement\":[{\"@type\":\"ListItem\",\"position\":1,\"name\":\"Inicio\",\"item\":\"https:\/\/servicio.us.es\/ogpi\/\"},{\"@type\":\"ListItem\",\"position\":2,\"name\":\"Qui\u00e9nes somos\"}]},{\"@type\":\"WebSite\",\"@id\":\"https:\/\/localhost\/ogpi\/#website\",\"url\":\"https:\/\/localhost\/ogpi\/\",\"name\":\"OGPI\",\"description\":\"Oficina General de Proyectos Internacionales de la Universidad de Sevilla\",\"publisher\":{\"@id\":\"https:\/\/localhost\/ogpi\/#organization\"},\"potentialAction\":[{\"@type\":\"SearchAction\",\"target\":{\"@type\":\"EntryPoint\",\"urlTemplate\":\"https:\/\/localhost\/ogpi\/?s={search_term_string}\"},\"query-input\":{\"@type\":\"PropertyValueSpecification\",\"valueRequired\":true,\"valueName\":\"search_term_string\"}}],\"inLanguage\":\"es\"},{\"@type\":\"Organization\",\"@id\":\"https:\/\/localhost\/ogpi\/#organization\",\"name\":\"OGPI\",\"url\":\"https:\/\/localhost\/ogpi\/\",\"logo\":{\"@type\":\"ImageObject\",\"inLanguage\":\"es\",\"@id\":\"https:\/\/localhost\/ogpi\/#\/schema\/logo\/image\/\",\"url\":\"https:\/\/servicio.us.es\/ogpi\/wp-content\/uploads\/2019\/08\/cropped-Logo-US.png\",\"contentUrl\":\"https:\/\/servicio.us.es\/ogpi\/wp-content\/uploads\/2019\/08\/cropped-Logo-US.png\",\"width\":122,\"height\":50,\"caption\":\"OGPI\"},\"image\":{\"@id\":\"https:\/\/localhost\/ogpi\/#\/schema\/logo\/image\/\"}}]}<\/script>\n<!-- \/ Yoast SEO plugin. -->","yoast_head_json":{"title":"Qui\u00e9nes somos - OGPI","robots":{"index":"index","follow":"follow","max-snippet":"max-snippet:-1","max-image-preview":"max-image-preview:large","max-video-preview":"max-video-preview:-1"},"canonical":"https:\/\/servicio.us.es\/ogpi\/inicio\/quienes-somos\/","og_locale":"es_ES","og_type":"article","og_title":"Qui\u00e9nes somos - OGPI","og_description":"Qui\u00e9nes somos Direcci\u00f3n. Jos\u00e9 Manuel de la Rosa Utrera &#8211; dirogpi@us.es Coordinadora de Proyectos: Sara Navarro Ruiz &#8211; ogpiasesoria@us.es Unidad de Proyectos Internacionales de Investigaci\u00f3n. Responsable: Enrique L\u00f3pez Antelo &#8211; ogpi@us.es Auxiliar Administrativa: Remedios Rivas Romero &#8211; ogpiadmin@us.es Personal T\u00e9cnico: Jos\u00e9 de la Casa P\u00e9rez &#8211; ogpiasesoria2@us.es Personal T\u00e9cnico: \u00c1ngela de la Cruz Perea &#8211; ... Leer m\u00e1s","og_url":"https:\/\/servicio.us.es\/ogpi\/inicio\/quienes-somos\/","og_site_name":"OGPI","article_modified_time":"2025-10-09T10:08:50+00:00","og_image":[{"width":1440,"height":961,"url":"https:\/\/servicio.us.es\/ogpi\/wp-content\/uploads\/2019\/08\/duotone-13.png","type":"image\/png"}],"twitter_card":"summary_large_image","twitter_misc":{"Tiempo de lectura":"1 minuto"},"schema":{"@context":"https:\/\/schema.org","@graph":[{"@type":"WebPage","@id":"https:\/\/servicio.us.es\/ogpi\/inicio\/quienes-somos\/","url":"https:\/\/servicio.us.es\/ogpi\/inicio\/quienes-somos\/","name":"Qui\u00e9nes somos - OGPI","isPartOf":{"@id":"https:\/\/localhost\/ogpi\/#website"},"primaryImageOfPage":{"@id":"https:\/\/servicio.us.es\/ogpi\/inicio\/quienes-somos\/#primaryimage"},"image":{"@id":"https:\/\/servicio.us.es\/ogpi\/inicio\/quienes-somos\/#primaryimage"},"thumbnailUrl":"https:\/\/servicio.us.es\/ogpi\/wp-content\/uploads\/2019\/08\/duotone-13.png","datePublished":"2019-09-03T08:35:02+00:00","dateModified":"2025-10-09T10:08:50+00:00","breadcrumb":{"@id":"https:\/\/servicio.us.es\/ogpi\/inicio\/quienes-somos\/#breadcrumb"},"inLanguage":"es","potentialAction":[{"@type":"ReadAction","target":["https:\/\/servicio.us.es\/ogpi\/inicio\/quienes-somos\/"]}]},{"@type":"ImageObject","inLanguage":"es","@id":"https:\/\/servicio.us.es\/ogpi\/inicio\/quienes-somos\/#primaryimage","url":"https:\/\/servicio.us.es\/ogpi\/wp-content\/uploads\/2019\/08\/duotone-13.png","contentUrl":"https:\/\/servicio.us.es\/ogpi\/wp-content\/uploads\/2019\/08\/duotone-13.png","width":1440,"height":961},{"@type":"BreadcrumbList","@id":"https:\/\/servicio.us.es\/ogpi\/inicio\/quienes-somos\/#breadcrumb","itemListElement":[{"@type":"ListItem","position":1,"name":"Inicio","item":"https:\/\/servicio.us.es\/ogpi\/"},{"@type":"ListItem","position":2,"name":"Qui\u00e9nes somos"}]},{"@type":"WebSite","@id":"https:\/\/localhost\/ogpi\/#website","url":"https:\/\/localhost\/ogpi\/","name":"OGPI","description":"Oficina General de Proyectos Internacionales de la Universidad de Sevilla","publisher":{"@id":"https:\/\/localhost\/ogpi\/#organization"},"potentialAction":[{"@type":"SearchAction","target":{"@type":"EntryPoint","urlTemplate":"https:\/\/localhost\/ogpi\/?s={search_term_string}"},"query-input":{"@type":"PropertyValueSpecification","valueRequired":true,"valueName":"search_term_string"}}],"inLanguage":"es"},{"@type":"Organization","@id":"https:\/\/localhost\/ogpi\/#organization","name":"OGPI","url":"https:\/\/localhost\/ogpi\/","logo":{"@type":"ImageObject","inLanguage":"es","@id":"https:\/\/localhost\/ogpi\/#\/schema\/logo\/image\/","url":"https:\/\/servicio.us.es\/ogpi\/wp-content\/uploads\/2019\/08\/cropped-Logo-US.png","contentUrl":"https:\/\/servicio.us.es\/ogpi\/wp-content\/uploads\/2019\/08\/cropped-Logo-US.png","width":122,"height":50,"caption":"OGPI"},"image":{"@id":"https:\/\/localhost\/ogpi\/#\/schema\/logo\/image\/"}}]}},"_links":{"self":[{"href":"https:\/\/servicio.us.es\/ogpi\/wp-json\/wp\/v2\/pages\/493","targetHints":{"allow":["GET"]}}],"collection":[{"href":"https:\/\/servicio.us.es\/ogpi\/wp-json\/wp\/v2\/pages"}],"about":[{"href":"https:\/\/servicio.us.es\/ogpi\/wp-json\/wp\/v2\/types\/page"}],"author":[{"embeddable":true,"href":"https:\/\/servicio.us.es\/ogpi\/wp-json\/wp\/v2\/users\/1"}],"replies":[{"embeddable":true,"href":"https:\/\/servicio.us.es\/ogpi\/wp-json\/wp\/v2\/comments?post=493"}],"version-history":[{"count":24,"href":"https:\/\/servicio.us.es\/ogpi\/wp-json\/wp\/v2\/pages\/493\/revisions"}],"predecessor-version":[{"id":3068,"href":"https:\/\/servicio.us.es\/ogpi\/wp-json\/wp\/v2\/pages\/493\/revisions\/3068"}],"up":[{"embeddable":true,"href":"https:\/\/servicio.us.es\/ogpi\/wp-json\/wp\/v2\/pages\/6"}],"wp:featuredmedia":[{"embeddable":true,"href":"https:\/\/servicio.us.es\/ogpi\/wp-json\/wp\/v2\/media\/31"}],"wp:attachment":[{"href":"https:\/\/servicio.us.es\/ogpi\/wp-json\/wp\/v2\/media?parent=493"}],"curies":[{"name":"wp","href":"https:\/\/api.w.org\/{rel}","templated":true}]}}