{"id":373,"date":"2019-08-30T13:37:10","date_gmt":"2019-08-30T11:37:10","guid":{"rendered":"http:\/\/servicio.us.es\/ogpi\/?page_id=373"},"modified":"2022-03-15T13:06:12","modified_gmt":"2022-03-15T12:06:12","slug":"ogpi","status":"publish","type":"page","link":"https:\/\/servicio.us.es\/ogpi\/inicio\/ogpi\/","title":{"rendered":"La OGPI"},"content":{"rendered":"\t\t<div data-elementor-type=\"wp-post\" data-elementor-id=\"373\" class=\"elementor elementor-373\" data-elementor-post-type=\"page\">\n\t\t\t\t\t\t<section class=\"elementor-section elementor-top-section elementor-element elementor-element-e0a4ea3 elementor-section-full_width elementor-section-height-default elementor-section-height-default\" data-id=\"e0a4ea3\" data-element_type=\"section\" data-e-type=\"section\" data-settings=\"{&quot;background_background&quot;:&quot;classic&quot;}\">\n\t\t\t\t\t\t<div class=\"elementor-container elementor-column-gap-default\">\n\t\t\t\t\t<div class=\"elementor-column elementor-col-100 elementor-top-column elementor-element elementor-element-c87765f\" data-id=\"c87765f\" data-element_type=\"column\" data-e-type=\"column\" data-settings=\"{&quot;background_background&quot;:&quot;classic&quot;}\">\n\t\t\t<div class=\"elementor-widget-wrap elementor-element-populated\">\n\t\t\t\t\t\t<section class=\"elementor-section elementor-inner-section elementor-element elementor-element-285ad2c elementor-section-boxed elementor-section-height-default elementor-section-height-default\" data-id=\"285ad2c\" data-element_type=\"section\" data-e-type=\"section\">\n\t\t\t\t\t\t<div class=\"elementor-container elementor-column-gap-default\">\n\t\t\t\t\t<div class=\"elementor-column elementor-col-100 elementor-inner-column elementor-element elementor-element-384ccff\" data-id=\"384ccff\" data-element_type=\"column\" data-e-type=\"column\">\n\t\t\t<div class=\"elementor-widget-wrap elementor-element-populated\">\n\t\t\t\t\t\t\t<\/div>\n\t\t<\/div>\n\t\t\t\t\t<\/div>\n\t\t<\/section>\n\t\t\t\t\t<\/div>\n\t\t<\/div>\n\t\t\t\t\t<\/div>\n\t\t<\/section>\n\t\t\t\t<section class=\"elementor-section elementor-top-section elementor-element elementor-element-b8615f9 elementor-section-boxed elementor-section-height-default elementor-section-height-default\" data-id=\"b8615f9\" data-element_type=\"section\" data-e-type=\"section\">\n\t\t\t\t\t\t<div class=\"elementor-container elementor-column-gap-default\">\n\t\t\t\t\t<div class=\"elementor-column elementor-col-100 elementor-top-column elementor-element elementor-element-8972041\" data-id=\"8972041\" data-element_type=\"column\" data-e-type=\"column\">\n\t\t\t<div class=\"elementor-widget-wrap elementor-element-populated\">\n\t\t\t\t\t\t<div class=\"elementor-element elementor-element-3c78fcc elementor-widget elementor-widget-breadcrumbs\" data-id=\"3c78fcc\" data-element_type=\"widget\" data-e-type=\"widget\" data-widget_type=\"breadcrumbs.default\">\n\t\t\t\t<div class=\"elementor-widget-container\">\n\t\t\t\t\t<p id=\"breadcrumbs\"><\/p>\t\t\t\t<\/div>\n\t\t\t\t<\/div>\n\t\t\t\t\t<\/div>\n\t\t<\/div>\n\t\t\t\t\t<\/div>\n\t\t<\/section>\n\t\t\t\t<section class=\"elementor-section elementor-top-section elementor-element elementor-element-027ad32 elementor-section-boxed elementor-section-height-default elementor-section-height-default\" data-id=\"027ad32\" data-element_type=\"section\" data-e-type=\"section\">\n\t\t\t\t\t\t<div class=\"elementor-container elementor-column-gap-default\">\n\t\t\t\t\t<div class=\"elementor-column elementor-col-100 elementor-top-column elementor-element elementor-element-22fe25d\" data-id=\"22fe25d\" data-element_type=\"column\" data-e-type=\"column\">\n\t\t\t<div class=\"elementor-widget-wrap elementor-element-populated\">\n\t\t\t\t\t\t<div class=\"elementor-element elementor-element-db80588 elementor-widget elementor-widget-menu-anchor\" data-id=\"db80588\" data-element_type=\"widget\" data-e-type=\"widget\" data-widget_type=\"menu-anchor.default\">\n\t\t\t\t<div class=\"elementor-widget-container\">\n\t\t\t\t\t\t\t<div class=\"elementor-menu-anchor\" id=\"ancla1\"><\/div>\n\t\t\t\t\t\t<\/div>\n\t\t\t\t<\/div>\n\t\t\t\t<div class=\"elementor-element elementor-element-30636f1 elementor-widget elementor-widget-heading\" data-id=\"30636f1\" data-element_type=\"widget\" data-e-type=\"widget\" data-widget_type=\"heading.default\">\n\t\t\t\t<div class=\"elementor-widget-container\">\n\t\t\t\t\t<h2 class=\"elementor-heading-title elementor-size-default\">La OGPI<\/h2>\t\t\t\t<\/div>\n\t\t\t\t<\/div>\n\t\t\t\t<section class=\"elementor-section elementor-inner-section elementor-element elementor-element-cc45bf7 elementor-section-boxed elementor-section-height-default elementor-section-height-default\" data-id=\"cc45bf7\" data-element_type=\"section\" data-e-type=\"section\">\n\t\t\t\t\t\t<div class=\"elementor-container elementor-column-gap-default\">\n\t\t\t\t\t<div class=\"elementor-column elementor-col-100 elementor-inner-column elementor-element elementor-element-4de2f7c\" data-id=\"4de2f7c\" data-element_type=\"column\" data-e-type=\"column\">\n\t\t\t<div class=\"elementor-widget-wrap elementor-element-populated\">\n\t\t\t\t\t\t<div class=\"elementor-element elementor-element-6dcf05d elementor-widget elementor-widget-text-editor\" data-id=\"6dcf05d\" data-element_type=\"widget\" data-e-type=\"widget\" data-widget_type=\"text-editor.default\">\n\t\t\t\t<div class=\"elementor-widget-container\">\n\t\t\t\t\t\t\t\t\t<p>La Universidad de Sevilla (US) cuenta con una clara vocaci\u00f3n internacional, que se concibe como un factor clave de concurrencia y competitividad, fomentando asimismo alianzas estrat\u00e9gicas con universidades e instituciones del mundo. En el Plan de Internacionalizaci\u00f3n 2016-2020 de la Universidad de Sevilla se propuso la puesta en marcha de una oficina de proyectos internacionales para favorecer la captaci\u00f3n de fondos internacionales, como requisito prioritario para el posicionamiento internacional de la instituci\u00f3n.<\/p><p>As\u00ed, en 2016, se cre\u00f3 la Oficina General de Proyectos Internacionales (OGPI),\u00a0<strong>el instrumento de la US para promover y apoyar la solicitud de proyectos internacionales, tanto acad\u00e9micos (tipo Erasmus +) como de investigaci\u00f3n (tipo Horizon Europe)<\/strong>. La OGPI fomenta la internacionalizaci\u00f3n de la creaci\u00f3n, transmisi\u00f3n y transformaci\u00f3n del conocimiento y el impulso a la cultura de \u2018internacionalizaci\u00f3n\u2019 en nuestra Universidad. Adem\u00e1s, promociona y asesora las propuestas de proyectos internacionales, , promoviendo sinergias entre ambos \u00e1mbitos, con el objetivo de aumentar el retorno y el liderazgo de proyectos internacionales y fomentar la participaci\u00f3n conjunta con empresas y entidades p\u00fablicas o sin \u00e1nimo de lucro del entorno en proyectos colaborativos internacionales.<\/p>\t\t\t\t\t\t\t\t<\/div>\n\t\t\t\t<\/div>\n\t\t\t\t\t<\/div>\n\t\t<\/div>\n\t\t\t\t\t<\/div>\n\t\t<\/section>\n\t\t\t\t<section class=\"elementor-section elementor-top-section elementor-element elementor-element-35938ee elementor-section-boxed elementor-section-height-default elementor-section-height-default\" data-id=\"35938ee\" data-element_type=\"section\" data-e-type=\"section\" data-settings=\"{&quot;background_background&quot;:&quot;classic&quot;}\">\n\t\t\t\t\t\t<div class=\"elementor-container elementor-column-gap-default\">\n\t\t\t\t\t<div class=\"elementor-column elementor-col-50 elementor-top-column elementor-element elementor-element-1ae3af9\" data-id=\"1ae3af9\" data-element_type=\"column\" data-e-type=\"column\">\n\t\t\t<div class=\"elementor-widget-wrap elementor-element-populated\">\n\t\t\t\t\t\t<div class=\"elementor-element elementor-element-e2f1d2d elementor-widget elementor-widget-text-editor\" data-id=\"e2f1d2d\" data-element_type=\"widget\" data-e-type=\"widget\" data-widget_type=\"text-editor.default\">\n\t\t\t\t<div class=\"elementor-widget-container\">\n\t\t\t\t\t\t\t\t\t<p>La OGPI se constituy\u00f3 tambi\u00e9n como referencia para el an\u00e1lisis y seguimiento de la evoluci\u00f3n del conjunto de proyectos internacionales de la universidad. Impulsa, de otro lado, el posicionamiento de la US en los principales \u00f3rganos de influencia y gesti\u00f3n de proyectos internacionales, especialmente en programas europeos, implic\u00e1ndose activamente en foros para la internacionalizaci\u00f3n de la docencia y la investigaci\u00f3n.<\/p><p>La\u00a0<strong>Unidad de Proyectos Internacionales Acad\u00e9micos de la OGPI\u00a0<\/strong>gestiona los proyectos tipo Erasmus +. Cuenta con una plantilla profesionalizada con a\u00f1os de experiencia que ayuda al PDI de la US a solicitar, gestionar, tramitar y justificar su proyecto acad\u00e9mico desde la idea hasta su justificaci\u00f3n. Realiza, adem\u00e1s, asesor\u00edas y sesiones informativas sobre este programa.<\/p><p>La\u00a0<strong>Unidad de Proyectos Internacionales de Investigaci\u00f3n de la OGPI<\/strong>\u00a0es una unidad\u00a0<em>pre-award<\/em>\u00a0que tiene encomendado ayudar a mejorar la participaci\u00f3n de la US en programas internacionales de investigaci\u00f3n tipo Horizon Europe,. Su personal t\u00e9cnico y administrativo cualificado organiza eventos de promoci\u00f3n de programas internacionales, como\u00a0<em>infodays<\/em>, talleres y seminarios; realiza asesor\u00edas ad hoc para internacionalizaci\u00f3n de grupos de investigaci\u00f3n, revisa y asesora propuestas de proyectos. Adem\u00e1s, se han puesto en marcha con notable \u00e9xito de participaci\u00f3n los programas de acompa\u00f1amiento y seguimiento\u00a0<em>Marie Sk\u0142odowska-Curie actions<\/em>\u00a0(MSCA) y\u00a0<em>European Research Counci<\/em>l.<\/p>\t\t\t\t\t\t\t\t<\/div>\n\t\t\t\t<\/div>\n\t\t\t\t\t<\/div>\n\t\t<\/div>\n\t\t\t\t<div class=\"elementor-column elementor-col-50 elementor-top-column elementor-element elementor-element-0c352af\" data-id=\"0c352af\" data-element_type=\"column\" data-e-type=\"column\">\n\t\t\t<div class=\"elementor-widget-wrap elementor-element-populated\">\n\t\t\t\t\t\t<div class=\"elementor-element elementor-element-c203005 elementor-widget elementor-widget-image\" data-id=\"c203005\" data-element_type=\"widget\" data-e-type=\"widget\" data-widget_type=\"image.default\">\n\t\t\t\t<div class=\"elementor-widget-container\">\n\t\t\t\t\t\t\t\t\t\t\t\t\t\t\t<img fetchpriority=\"high\" decoding=\"async\" width=\"440\" height=\"600\" src=\"https:\/\/servicio.us.es\/ogpi\/wp-content\/uploads\/2019\/09\/servicios_04-1.jpg\" class=\"attachment-large size-large wp-image-597\" alt=\"\" srcset=\"https:\/\/servicio.us.es\/ogpi\/wp-content\/uploads\/2019\/09\/servicios_04-1.jpg 440w, https:\/\/servicio.us.es\/ogpi\/wp-content\/uploads\/2019\/09\/servicios_04-1-220x300.jpg 220w\" sizes=\"(max-width: 440px) 100vw, 440px\" \/>\t\t\t\t\t\t\t\t\t\t\t\t\t\t\t<\/div>\n\t\t\t\t<\/div>\n\t\t\t\t<div class=\"elementor-element elementor-element-87c32e6 elementor-widget elementor-widget-spacer\" data-id=\"87c32e6\" data-element_type=\"widget\" data-e-type=\"widget\" data-widget_type=\"spacer.default\">\n\t\t\t\t<div class=\"elementor-widget-container\">\n\t\t\t\t\t\t\t<div class=\"elementor-spacer\">\n\t\t\t<div class=\"elementor-spacer-inner\"><\/div>\n\t\t<\/div>\n\t\t\t\t\t\t<\/div>\n\t\t\t\t<\/div>\n\t\t\t\t\t<\/div>\n\t\t<\/div>\n\t\t\t\t\t<\/div>\n\t\t<\/section>\n\t\t\t\t\t<\/div>\n\t\t<\/div>\n\t\t\t\t\t<\/div>\n\t\t<\/section>\n\t\t\t\t<\/div>\n\t\t","protected":false},"excerpt":{"rendered":"<p>La OGPI La Universidad de Sevilla (US) cuenta con una clara vocaci\u00f3n internacional, que se concibe como un factor clave de concurrencia y competitividad, fomentando asimismo alianzas estrat\u00e9gicas con universidades e instituciones del mundo. En el Plan de Internacionalizaci\u00f3n 2016-2020 de la Universidad de Sevilla se propuso la puesta en marcha de una oficina de &#8230; <a title=\"La OGPI\" class=\"read-more\" href=\"https:\/\/servicio.us.es\/ogpi\/inicio\/ogpi\/\" aria-label=\"Leer m\u00e1s sobre La OGPI\">Leer m\u00e1s<\/a><\/p>\n","protected":false},"author":1,"featured_media":31,"parent":6,"menu_order":0,"comment_status":"closed","ping_status":"closed","template":"elementor_header_footer","meta":{"footnotes":""},"class_list":["post-373","page","type-page","status-publish","has-post-thumbnail"],"yoast_head":"<!-- This site is optimized with the Yoast SEO plugin v25.4 - https:\/\/yoast.com\/wordpress\/plugins\/seo\/ -->\n<title>La OGPI - OGPI<\/title>\n<meta name=\"robots\" content=\"index, follow, max-snippet:-1, max-image-preview:large, max-video-preview:-1\" \/>\n<link rel=\"canonical\" href=\"https:\/\/servicio.us.es\/ogpi\/inicio\/ogpi\/\" \/>\n<meta property=\"og:locale\" content=\"es_ES\" \/>\n<meta property=\"og:type\" content=\"article\" \/>\n<meta property=\"og:title\" content=\"La OGPI - OGPI\" \/>\n<meta property=\"og:description\" content=\"La OGPI La Universidad de Sevilla (US) cuenta con una clara vocaci\u00f3n internacional, que se concibe como un factor clave de concurrencia y competitividad, fomentando asimismo alianzas estrat\u00e9gicas con universidades e instituciones del mundo. En el Plan de Internacionalizaci\u00f3n 2016-2020 de la Universidad de Sevilla se propuso la puesta en marcha de una oficina de ... Leer m\u00e1s\" \/>\n<meta property=\"og:url\" content=\"https:\/\/servicio.us.es\/ogpi\/inicio\/ogpi\/\" \/>\n<meta property=\"og:site_name\" content=\"OGPI\" \/>\n<meta property=\"article:modified_time\" content=\"2022-03-15T12:06:12+00:00\" \/>\n<meta property=\"og:image\" content=\"https:\/\/servicio.us.es\/ogpi\/wp-content\/uploads\/2019\/08\/duotone-13.png\" \/>\n\t<meta property=\"og:image:width\" content=\"1440\" \/>\n\t<meta property=\"og:image:height\" content=\"961\" \/>\n\t<meta property=\"og:image:type\" content=\"image\/png\" \/>\n<meta name=\"twitter:card\" content=\"summary_large_image\" \/>\n<meta name=\"twitter:label1\" content=\"Tiempo de lectura\" \/>\n\t<meta name=\"twitter:data1\" content=\"2 minutos\" \/>\n<script type=\"application\/ld+json\" class=\"yoast-schema-graph\">{\"@context\":\"https:\/\/schema.org\",\"@graph\":[{\"@type\":\"WebPage\",\"@id\":\"https:\/\/servicio.us.es\/ogpi\/inicio\/ogpi\/\",\"url\":\"https:\/\/servicio.us.es\/ogpi\/inicio\/ogpi\/\",\"name\":\"La OGPI - OGPI\",\"isPartOf\":{\"@id\":\"https:\/\/localhost\/ogpi\/#website\"},\"primaryImageOfPage\":{\"@id\":\"https:\/\/servicio.us.es\/ogpi\/inicio\/ogpi\/#primaryimage\"},\"image\":{\"@id\":\"https:\/\/servicio.us.es\/ogpi\/inicio\/ogpi\/#primaryimage\"},\"thumbnailUrl\":\"https:\/\/servicio.us.es\/ogpi\/wp-content\/uploads\/2019\/08\/duotone-13.png\",\"datePublished\":\"2019-08-30T11:37:10+00:00\",\"dateModified\":\"2022-03-15T12:06:12+00:00\",\"breadcrumb\":{\"@id\":\"https:\/\/servicio.us.es\/ogpi\/inicio\/ogpi\/#breadcrumb\"},\"inLanguage\":\"es\",\"potentialAction\":[{\"@type\":\"ReadAction\",\"target\":[\"https:\/\/servicio.us.es\/ogpi\/inicio\/ogpi\/\"]}]},{\"@type\":\"ImageObject\",\"inLanguage\":\"es\",\"@id\":\"https:\/\/servicio.us.es\/ogpi\/inicio\/ogpi\/#primaryimage\",\"url\":\"https:\/\/servicio.us.es\/ogpi\/wp-content\/uploads\/2019\/08\/duotone-13.png\",\"contentUrl\":\"https:\/\/servicio.us.es\/ogpi\/wp-content\/uploads\/2019\/08\/duotone-13.png\",\"width\":1440,\"height\":961},{\"@type\":\"BreadcrumbList\",\"@id\":\"https:\/\/servicio.us.es\/ogpi\/inicio\/ogpi\/#breadcrumb\",\"itemListElement\":[{\"@type\":\"ListItem\",\"position\":1,\"name\":\"Inicio\",\"item\":\"https:\/\/servicio.us.es\/ogpi\/\"},{\"@type\":\"ListItem\",\"position\":2,\"name\":\"La OGPI\"}]},{\"@type\":\"WebSite\",\"@id\":\"https:\/\/localhost\/ogpi\/#website\",\"url\":\"https:\/\/localhost\/ogpi\/\",\"name\":\"OGPI\",\"description\":\"Oficina General de Proyectos Internacionales de la Universidad de Sevilla\",\"publisher\":{\"@id\":\"https:\/\/localhost\/ogpi\/#organization\"},\"potentialAction\":[{\"@type\":\"SearchAction\",\"target\":{\"@type\":\"EntryPoint\",\"urlTemplate\":\"https:\/\/localhost\/ogpi\/?s={search_term_string}\"},\"query-input\":{\"@type\":\"PropertyValueSpecification\",\"valueRequired\":true,\"valueName\":\"search_term_string\"}}],\"inLanguage\":\"es\"},{\"@type\":\"Organization\",\"@id\":\"https:\/\/localhost\/ogpi\/#organization\",\"name\":\"OGPI\",\"url\":\"https:\/\/localhost\/ogpi\/\",\"logo\":{\"@type\":\"ImageObject\",\"inLanguage\":\"es\",\"@id\":\"https:\/\/localhost\/ogpi\/#\/schema\/logo\/image\/\",\"url\":\"https:\/\/servicio.us.es\/ogpi\/wp-content\/uploads\/2019\/08\/cropped-Logo-US.png\",\"contentUrl\":\"https:\/\/servicio.us.es\/ogpi\/wp-content\/uploads\/2019\/08\/cropped-Logo-US.png\",\"width\":122,\"height\":50,\"caption\":\"OGPI\"},\"image\":{\"@id\":\"https:\/\/localhost\/ogpi\/#\/schema\/logo\/image\/\"}}]}<\/script>\n<!-- \/ Yoast SEO plugin. -->","yoast_head_json":{"title":"La OGPI - OGPI","robots":{"index":"index","follow":"follow","max-snippet":"max-snippet:-1","max-image-preview":"max-image-preview:large","max-video-preview":"max-video-preview:-1"},"canonical":"https:\/\/servicio.us.es\/ogpi\/inicio\/ogpi\/","og_locale":"es_ES","og_type":"article","og_title":"La OGPI - OGPI","og_description":"La OGPI La Universidad de Sevilla (US) cuenta con una clara vocaci\u00f3n internacional, que se concibe como un factor clave de concurrencia y competitividad, fomentando asimismo alianzas estrat\u00e9gicas con universidades e instituciones del mundo. En el Plan de Internacionalizaci\u00f3n 2016-2020 de la Universidad de Sevilla se propuso la puesta en marcha de una oficina de ... Leer m\u00e1s","og_url":"https:\/\/servicio.us.es\/ogpi\/inicio\/ogpi\/","og_site_name":"OGPI","article_modified_time":"2022-03-15T12:06:12+00:00","og_image":[{"width":1440,"height":961,"url":"https:\/\/servicio.us.es\/ogpi\/wp-content\/uploads\/2019\/08\/duotone-13.png","type":"image\/png"}],"twitter_card":"summary_large_image","twitter_misc":{"Tiempo de lectura":"2 minutos"},"schema":{"@context":"https:\/\/schema.org","@graph":[{"@type":"WebPage","@id":"https:\/\/servicio.us.es\/ogpi\/inicio\/ogpi\/","url":"https:\/\/servicio.us.es\/ogpi\/inicio\/ogpi\/","name":"La OGPI - OGPI","isPartOf":{"@id":"https:\/\/localhost\/ogpi\/#website"},"primaryImageOfPage":{"@id":"https:\/\/servicio.us.es\/ogpi\/inicio\/ogpi\/#primaryimage"},"image":{"@id":"https:\/\/servicio.us.es\/ogpi\/inicio\/ogpi\/#primaryimage"},"thumbnailUrl":"https:\/\/servicio.us.es\/ogpi\/wp-content\/uploads\/2019\/08\/duotone-13.png","datePublished":"2019-08-30T11:37:10+00:00","dateModified":"2022-03-15T12:06:12+00:00","breadcrumb":{"@id":"https:\/\/servicio.us.es\/ogpi\/inicio\/ogpi\/#breadcrumb"},"inLanguage":"es","potentialAction":[{"@type":"ReadAction","target":["https:\/\/servicio.us.es\/ogpi\/inicio\/ogpi\/"]}]},{"@type":"ImageObject","inLanguage":"es","@id":"https:\/\/servicio.us.es\/ogpi\/inicio\/ogpi\/#primaryimage","url":"https:\/\/servicio.us.es\/ogpi\/wp-content\/uploads\/2019\/08\/duotone-13.png","contentUrl":"https:\/\/servicio.us.es\/ogpi\/wp-content\/uploads\/2019\/08\/duotone-13.png","width":1440,"height":961},{"@type":"BreadcrumbList","@id":"https:\/\/servicio.us.es\/ogpi\/inicio\/ogpi\/#breadcrumb","itemListElement":[{"@type":"ListItem","position":1,"name":"Inicio","item":"https:\/\/servicio.us.es\/ogpi\/"},{"@type":"ListItem","position":2,"name":"La OGPI"}]},{"@type":"WebSite","@id":"https:\/\/localhost\/ogpi\/#website","url":"https:\/\/localhost\/ogpi\/","name":"OGPI","description":"Oficina General de Proyectos Internacionales de la Universidad de Sevilla","publisher":{"@id":"https:\/\/localhost\/ogpi\/#organization"},"potentialAction":[{"@type":"SearchAction","target":{"@type":"EntryPoint","urlTemplate":"https:\/\/localhost\/ogpi\/?s={search_term_string}"},"query-input":{"@type":"PropertyValueSpecification","valueRequired":true,"valueName":"search_term_string"}}],"inLanguage":"es"},{"@type":"Organization","@id":"https:\/\/localhost\/ogpi\/#organization","name":"OGPI","url":"https:\/\/localhost\/ogpi\/","logo":{"@type":"ImageObject","inLanguage":"es","@id":"https:\/\/localhost\/ogpi\/#\/schema\/logo\/image\/","url":"https:\/\/servicio.us.es\/ogpi\/wp-content\/uploads\/2019\/08\/cropped-Logo-US.png","contentUrl":"https:\/\/servicio.us.es\/ogpi\/wp-content\/uploads\/2019\/08\/cropped-Logo-US.png","width":122,"height":50,"caption":"OGPI"},"image":{"@id":"https:\/\/localhost\/ogpi\/#\/schema\/logo\/image\/"}}]}},"_links":{"self":[{"href":"https:\/\/servicio.us.es\/ogpi\/wp-json\/wp\/v2\/pages\/373","targetHints":{"allow":["GET"]}}],"collection":[{"href":"https:\/\/servicio.us.es\/ogpi\/wp-json\/wp\/v2\/pages"}],"about":[{"href":"https:\/\/servicio.us.es\/ogpi\/wp-json\/wp\/v2\/types\/page"}],"author":[{"embeddable":true,"href":"https:\/\/servicio.us.es\/ogpi\/wp-json\/wp\/v2\/users\/1"}],"replies":[{"embeddable":true,"href":"https:\/\/servicio.us.es\/ogpi\/wp-json\/wp\/v2\/comments?post=373"}],"version-history":[{"count":0,"href":"https:\/\/servicio.us.es\/ogpi\/wp-json\/wp\/v2\/pages\/373\/revisions"}],"up":[{"embeddable":true,"href":"https:\/\/servicio.us.es\/ogpi\/wp-json\/wp\/v2\/pages\/6"}],"wp:featuredmedia":[{"embeddable":true,"href":"https:\/\/servicio.us.es\/ogpi\/wp-json\/wp\/v2\/media\/31"}],"wp:attachment":[{"href":"https:\/\/servicio.us.es\/ogpi\/wp-json\/wp\/v2\/media?parent=373"}],"curies":[{"name":"wp","href":"https:\/\/api.w.org\/{rel}","templated":true}]}}