{"id":1309,"date":"2020-10-23T14:16:03","date_gmt":"2020-10-23T12:16:03","guid":{"rendered":"https:\/\/servicio.us.es\/ogpi\/?page_id=1309"},"modified":"2022-03-15T13:59:57","modified_gmt":"2022-03-15T12:59:57","slug":"tramite-de-firmas","status":"publish","type":"page","link":"https:\/\/servicio.us.es\/ogpi\/inicio\/tramite-de-firmas\/","title":{"rendered":"Tr\u00e1mite de Firmas"},"content":{"rendered":"\t\t<div data-elementor-type=\"wp-post\" data-elementor-id=\"1309\" class=\"elementor elementor-1309\" data-elementor-post-type=\"page\">\n\t\t\t\t\t\t<section class=\"elementor-section elementor-top-section elementor-element elementor-element-e0a4ea3 elementor-section-full_width elementor-section-height-default elementor-section-height-default\" data-id=\"e0a4ea3\" data-element_type=\"section\" data-e-type=\"section\" data-settings=\"{&quot;background_background&quot;:&quot;classic&quot;}\">\n\t\t\t\t\t\t<div class=\"elementor-container elementor-column-gap-default\">\n\t\t\t\t\t<div class=\"elementor-column elementor-col-100 elementor-top-column elementor-element elementor-element-c87765f\" data-id=\"c87765f\" data-element_type=\"column\" data-e-type=\"column\" data-settings=\"{&quot;background_background&quot;:&quot;classic&quot;}\">\n\t\t\t<div class=\"elementor-widget-wrap elementor-element-populated\">\n\t\t\t\t\t\t<section class=\"elementor-section elementor-inner-section elementor-element elementor-element-285ad2c elementor-section-boxed elementor-section-height-default elementor-section-height-default\" data-id=\"285ad2c\" data-element_type=\"section\" data-e-type=\"section\">\n\t\t\t\t\t\t<div class=\"elementor-container elementor-column-gap-default\">\n\t\t\t\t\t<div class=\"elementor-column elementor-col-100 elementor-inner-column elementor-element elementor-element-384ccff\" data-id=\"384ccff\" data-element_type=\"column\" data-e-type=\"column\">\n\t\t\t<div class=\"elementor-widget-wrap elementor-element-populated\">\n\t\t\t\t\t\t\t<\/div>\n\t\t<\/div>\n\t\t\t\t\t<\/div>\n\t\t<\/section>\n\t\t\t\t\t<\/div>\n\t\t<\/div>\n\t\t\t\t\t<\/div>\n\t\t<\/section>\n\t\t\t\t<section class=\"elementor-section elementor-top-section elementor-element elementor-element-b8615f9 elementor-section-boxed elementor-section-height-default elementor-section-height-default\" data-id=\"b8615f9\" data-element_type=\"section\" data-e-type=\"section\">\n\t\t\t\t\t\t<div class=\"elementor-container elementor-column-gap-default\">\n\t\t\t\t\t<div class=\"elementor-column elementor-col-100 elementor-top-column elementor-element elementor-element-8972041\" data-id=\"8972041\" data-element_type=\"column\" data-e-type=\"column\">\n\t\t\t<div class=\"elementor-widget-wrap elementor-element-populated\">\n\t\t\t\t\t\t<div class=\"elementor-element elementor-element-3c78fcc elementor-widget elementor-widget-breadcrumbs\" data-id=\"3c78fcc\" data-element_type=\"widget\" data-e-type=\"widget\" data-widget_type=\"breadcrumbs.default\">\n\t\t\t\t<div class=\"elementor-widget-container\">\n\t\t\t\t\t<p id=\"breadcrumbs\"><\/p>\t\t\t\t<\/div>\n\t\t\t\t<\/div>\n\t\t\t\t\t<\/div>\n\t\t<\/div>\n\t\t\t\t\t<\/div>\n\t\t<\/section>\n\t\t\t\t<section class=\"elementor-section elementor-top-section elementor-element elementor-element-027ad32 elementor-section-boxed elementor-section-height-default elementor-section-height-default\" data-id=\"027ad32\" data-element_type=\"section\" data-e-type=\"section\">\n\t\t\t\t\t\t<div class=\"elementor-container elementor-column-gap-default\">\n\t\t\t\t\t<div class=\"elementor-column elementor-col-100 elementor-top-column elementor-element elementor-element-22fe25d\" data-id=\"22fe25d\" data-element_type=\"column\" data-e-type=\"column\">\n\t\t\t<div class=\"elementor-widget-wrap elementor-element-populated\">\n\t\t\t\t\t\t<section class=\"elementor-section elementor-inner-section elementor-element elementor-element-33c5956 elementor-section-boxed elementor-section-height-default elementor-section-height-default\" data-id=\"33c5956\" data-element_type=\"section\" data-e-type=\"section\">\n\t\t\t\t\t\t<div class=\"elementor-container elementor-column-gap-default\">\n\t\t\t\t\t<div class=\"elementor-column elementor-col-100 elementor-inner-column elementor-element elementor-element-b69895e\" data-id=\"b69895e\" data-element_type=\"column\" data-e-type=\"column\">\n\t\t\t<div class=\"elementor-widget-wrap elementor-element-populated\">\n\t\t\t\t\t\t<div class=\"elementor-element elementor-element-9eb7374 elementor-widget elementor-widget-menu-anchor\" data-id=\"9eb7374\" data-element_type=\"widget\" data-e-type=\"widget\" data-widget_type=\"menu-anchor.default\">\n\t\t\t\t<div class=\"elementor-widget-container\">\n\t\t\t\t\t\t\t<div class=\"elementor-menu-anchor\" id=\"ancla1\"><\/div>\n\t\t\t\t\t\t<\/div>\n\t\t\t\t<\/div>\n\t\t\t\t<div class=\"elementor-element elementor-element-2207207 elementor-widget elementor-widget-heading\" data-id=\"2207207\" data-element_type=\"widget\" data-e-type=\"widget\" data-widget_type=\"heading.default\">\n\t\t\t\t<div class=\"elementor-widget-container\">\n\t\t\t\t\t<h2 class=\"elementor-heading-title elementor-size-default\">Tr\u00e1mite para la firma de documentos <\/h2>\t\t\t\t<\/div>\n\t\t\t\t<\/div>\n\t\t\t\t\t<\/div>\n\t\t<\/div>\n\t\t\t\t\t<\/div>\n\t\t<\/section>\n\t\t\t\t<section class=\"elementor-section elementor-inner-section elementor-element elementor-element-0c547dc elementor-section-boxed elementor-section-height-default elementor-section-height-default\" data-id=\"0c547dc\" data-element_type=\"section\" data-e-type=\"section\">\n\t\t\t\t\t\t<div class=\"elementor-container elementor-column-gap-default\">\n\t\t\t\t\t<div class=\"elementor-column elementor-col-66 elementor-inner-column elementor-element elementor-element-ac8bac3\" data-id=\"ac8bac3\" data-element_type=\"column\" data-e-type=\"column\">\n\t\t\t<div class=\"elementor-widget-wrap elementor-element-populated\">\n\t\t\t\t\t\t<div class=\"elementor-element elementor-element-9361e7c elementor-widget elementor-widget-text-editor\" data-id=\"9361e7c\" data-element_type=\"widget\" data-e-type=\"widget\" data-widget_type=\"text-editor.default\">\n\t\t\t\t<div class=\"elementor-widget-container\">\n\t\t\t\t\t\t\t\t\t<p>Tr\u00e1mite y revisi\u00f3n documental de las propuestas y solicitud de la firma del Representante Legal de la US de documentos oficiales.\u00a0<br \/>Ponte en contacto con nosotros a trav\u00e9s del correo electr\u00f3nico <a href=\"mailto:ogpi@us.es\">ogpi@us.es,<\/a>\u202findicando los detalles de la convocatoria y la propuesta y adjuntando la documentaci\u00f3n a firmar y contactaremos contigo.\u00a0<\/p><p>Los documentos deber\u00e1n ser enviados con una antelaci\u00f3n de 10 d\u00edas h\u00e1biles.\u00a0<\/p>\t\t\t\t\t\t\t\t<\/div>\n\t\t\t\t<\/div>\n\t\t\t\t\t<\/div>\n\t\t<\/div>\n\t\t\t\t<div class=\"elementor-column elementor-col-33 elementor-inner-column elementor-element elementor-element-dd8820f\" data-id=\"dd8820f\" data-element_type=\"column\" data-e-type=\"column\">\n\t\t\t<div class=\"elementor-widget-wrap elementor-element-populated\">\n\t\t\t\t\t\t<div class=\"elementor-element elementor-element-f47a5c9 elementor-widget elementor-widget-image\" data-id=\"f47a5c9\" data-element_type=\"widget\" data-e-type=\"widget\" data-widget_type=\"image.default\">\n\t\t\t\t<div class=\"elementor-widget-container\">\n\t\t\t\t\t\t\t\t\t\t\t\t\t\t\t<img fetchpriority=\"high\" decoding=\"async\" width=\"300\" height=\"226\" src=\"https:\/\/servicio.us.es\/ogpi\/wp-content\/uploads\/2019\/09\/servicios_03-1-300x226.jpg\" class=\"attachment-medium size-medium wp-image-583\" alt=\"\" srcset=\"https:\/\/servicio.us.es\/ogpi\/wp-content\/uploads\/2019\/09\/servicios_03-1-300x226.jpg 300w, https:\/\/servicio.us.es\/ogpi\/wp-content\/uploads\/2019\/09\/servicios_03-1.jpg 440w\" sizes=\"(max-width: 300px) 100vw, 300px\" \/>\t\t\t\t\t\t\t\t\t\t\t\t\t\t\t<\/div>\n\t\t\t\t<\/div>\n\t\t\t\t\t<\/div>\n\t\t<\/div>\n\t\t\t\t\t<\/div>\n\t\t<\/section>\n\t\t\t\t<section class=\"elementor-section elementor-inner-section elementor-element elementor-element-e6b4da9 elementor-hidden-desktop elementor-hidden-tablet elementor-hidden-phone elementor-section-boxed elementor-section-height-default elementor-section-height-default\" data-id=\"e6b4da9\" data-element_type=\"section\" data-e-type=\"section\">\n\t\t\t\t\t\t<div class=\"elementor-container elementor-column-gap-default\">\n\t\t\t\t\t<div class=\"elementor-column elementor-col-33 elementor-inner-column elementor-element elementor-element-d851878\" data-id=\"d851878\" data-element_type=\"column\" data-e-type=\"column\">\n\t\t\t<div class=\"elementor-widget-wrap elementor-element-populated\">\n\t\t\t\t\t\t<div class=\"elementor-element elementor-element-6ffffeb elementor-align-center elementor-widget elementor-widget-button\" data-id=\"6ffffeb\" data-element_type=\"widget\" data-e-type=\"widget\" data-widget_type=\"button.default\">\n\t\t\t\t<div class=\"elementor-widget-container\">\n\t\t\t\t\t\t\t\t\t<div class=\"elementor-button-wrapper\">\n\t\t\t\t\t<a class=\"elementor-button elementor-button-link elementor-size-sm\" href=\"https:\/\/servicio.us.es\/ogpi\/wp-content\/uploads\/2020\/10\/IMPRESO_FIRMA_PROYECTOS_INVESTIGACION.docx\" target=\"_blank\">\n\t\t\t\t\t\t<span class=\"elementor-button-content-wrapper\">\n\t\t\t\t\t\t\t\t\t<span class=\"elementor-button-text\">PROYECTOS DE INVESTIGACI\u00d3N<\/span>\n\t\t\t\t\t<\/span>\n\t\t\t\t\t<\/a>\n\t\t\t\t<\/div>\n\t\t\t\t\t\t\t\t<\/div>\n\t\t\t\t<\/div>\n\t\t\t\t\t<\/div>\n\t\t<\/div>\n\t\t\t\t<div class=\"elementor-column elementor-col-33 elementor-inner-column elementor-element elementor-element-1637ede\" data-id=\"1637ede\" data-element_type=\"column\" data-e-type=\"column\">\n\t\t\t<div class=\"elementor-widget-wrap elementor-element-populated\">\n\t\t\t\t\t\t<div class=\"elementor-element elementor-element-8f7af98 elementor-align-center elementor-widget elementor-widget-button\" data-id=\"8f7af98\" data-element_type=\"widget\" data-e-type=\"widget\" data-widget_type=\"button.default\">\n\t\t\t\t<div class=\"elementor-widget-container\">\n\t\t\t\t\t\t\t\t\t<div class=\"elementor-button-wrapper\">\n\t\t\t\t\t<a class=\"elementor-button elementor-button-link elementor-size-sm\" href=\"https:\/\/servicio.us.es\/ogpi\/wp-content\/uploads\/2020\/11\/Formulario-solicitud-de-proyectos-acad\u00e9micos.doc\" target=\"_blank\">\n\t\t\t\t\t\t<span class=\"elementor-button-content-wrapper\">\n\t\t\t\t\t\t\t\t\t<span class=\"elementor-button-text\">PROYECTOS ACAD\u00c9MICOS<\/span>\n\t\t\t\t\t<\/span>\n\t\t\t\t\t<\/a>\n\t\t\t\t<\/div>\n\t\t\t\t\t\t\t\t<\/div>\n\t\t\t\t<\/div>\n\t\t\t\t\t<\/div>\n\t\t<\/div>\n\t\t\t\t<div class=\"elementor-column elementor-col-33 elementor-inner-column elementor-element elementor-element-6156e4b\" data-id=\"6156e4b\" data-element_type=\"column\" data-e-type=\"column\">\n\t\t\t<div class=\"elementor-widget-wrap\">\n\t\t\t\t\t\t\t<\/div>\n\t\t<\/div>\n\t\t\t\t\t<\/div>\n\t\t<\/section>\n\t\t\t\t<div class=\"elementor-element elementor-element-6d7ffac elementor-widget elementor-widget-spacer\" data-id=\"6d7ffac\" data-element_type=\"widget\" data-e-type=\"widget\" data-widget_type=\"spacer.default\">\n\t\t\t\t<div class=\"elementor-widget-container\">\n\t\t\t\t\t\t\t<div class=\"elementor-spacer\">\n\t\t\t<div class=\"elementor-spacer-inner\"><\/div>\n\t\t<\/div>\n\t\t\t\t\t\t<\/div>\n\t\t\t\t<\/div>\n\t\t\t\t\t<\/div>\n\t\t<\/div>\n\t\t\t\t\t<\/div>\n\t\t<\/section>\n\t\t\t\t<\/div>\n\t\t","protected":false},"excerpt":{"rendered":"<p>Tr\u00e1mite para la firma de documentos Tr\u00e1mite y revisi\u00f3n documental de las propuestas y solicitud de la firma del Representante Legal de la US de documentos oficiales.\u00a0Ponte en contacto con nosotros a trav\u00e9s del correo electr\u00f3nico ogpi@us.es,\u202findicando los detalles de la convocatoria y la propuesta y adjuntando la documentaci\u00f3n a firmar y contactaremos contigo.\u00a0 Los &#8230; <a title=\"Tr\u00e1mite de Firmas\" class=\"read-more\" href=\"https:\/\/servicio.us.es\/ogpi\/inicio\/tramite-de-firmas\/\" aria-label=\"Leer m\u00e1s sobre Tr\u00e1mite de Firmas\">Leer m\u00e1s<\/a><\/p>\n","protected":false},"author":1,"featured_media":31,"parent":6,"menu_order":0,"comment_status":"closed","ping_status":"closed","template":"elementor_header_footer","meta":{"footnotes":""},"class_list":["post-1309","page","type-page","status-publish","has-post-thumbnail"],"yoast_head":"<!-- This site is optimized with the Yoast SEO plugin v25.4 - https:\/\/yoast.com\/wordpress\/plugins\/seo\/ -->\n<title>Tr\u00e1mite de Firmas - OGPI<\/title>\n<meta name=\"robots\" content=\"index, follow, max-snippet:-1, max-image-preview:large, max-video-preview:-1\" \/>\n<link rel=\"canonical\" href=\"https:\/\/servicio.us.es\/ogpi\/inicio\/tramite-de-firmas\/\" \/>\n<meta property=\"og:locale\" content=\"es_ES\" \/>\n<meta property=\"og:type\" content=\"article\" \/>\n<meta property=\"og:title\" content=\"Tr\u00e1mite de Firmas - OGPI\" \/>\n<meta property=\"og:description\" content=\"Tr\u00e1mite para la firma de documentos Tr\u00e1mite y revisi\u00f3n documental de las propuestas y solicitud de la firma del Representante Legal de la US de documentos oficiales.\u00a0Ponte en contacto con nosotros a trav\u00e9s del correo electr\u00f3nico ogpi@us.es,\u202findicando los detalles de la convocatoria y la propuesta y adjuntando la documentaci\u00f3n a firmar y contactaremos contigo.\u00a0 Los ... Leer m\u00e1s\" \/>\n<meta property=\"og:url\" content=\"https:\/\/servicio.us.es\/ogpi\/inicio\/tramite-de-firmas\/\" \/>\n<meta property=\"og:site_name\" content=\"OGPI\" \/>\n<meta property=\"article:modified_time\" content=\"2022-03-15T12:59:57+00:00\" \/>\n<meta property=\"og:image\" content=\"https:\/\/servicio.us.es\/ogpi\/wp-content\/uploads\/2019\/08\/duotone-13.png\" \/>\n\t<meta property=\"og:image:width\" content=\"1440\" \/>\n\t<meta property=\"og:image:height\" content=\"961\" \/>\n\t<meta property=\"og:image:type\" content=\"image\/png\" \/>\n<meta name=\"twitter:card\" content=\"summary_large_image\" \/>\n<meta name=\"twitter:label1\" content=\"Tiempo de lectura\" \/>\n\t<meta name=\"twitter:data1\" content=\"1 minuto\" \/>\n<script type=\"application\/ld+json\" class=\"yoast-schema-graph\">{\"@context\":\"https:\/\/schema.org\",\"@graph\":[{\"@type\":\"WebPage\",\"@id\":\"https:\/\/servicio.us.es\/ogpi\/inicio\/tramite-de-firmas\/\",\"url\":\"https:\/\/servicio.us.es\/ogpi\/inicio\/tramite-de-firmas\/\",\"name\":\"Tr\u00e1mite de Firmas - OGPI\",\"isPartOf\":{\"@id\":\"https:\/\/localhost\/ogpi\/#website\"},\"primaryImageOfPage\":{\"@id\":\"https:\/\/servicio.us.es\/ogpi\/inicio\/tramite-de-firmas\/#primaryimage\"},\"image\":{\"@id\":\"https:\/\/servicio.us.es\/ogpi\/inicio\/tramite-de-firmas\/#primaryimage\"},\"thumbnailUrl\":\"https:\/\/servicio.us.es\/ogpi\/wp-content\/uploads\/2019\/08\/duotone-13.png\",\"datePublished\":\"2020-10-23T12:16:03+00:00\",\"dateModified\":\"2022-03-15T12:59:57+00:00\",\"breadcrumb\":{\"@id\":\"https:\/\/servicio.us.es\/ogpi\/inicio\/tramite-de-firmas\/#breadcrumb\"},\"inLanguage\":\"es\",\"potentialAction\":[{\"@type\":\"ReadAction\",\"target\":[\"https:\/\/servicio.us.es\/ogpi\/inicio\/tramite-de-firmas\/\"]}]},{\"@type\":\"ImageObject\",\"inLanguage\":\"es\",\"@id\":\"https:\/\/servicio.us.es\/ogpi\/inicio\/tramite-de-firmas\/#primaryimage\",\"url\":\"https:\/\/servicio.us.es\/ogpi\/wp-content\/uploads\/2019\/08\/duotone-13.png\",\"contentUrl\":\"https:\/\/servicio.us.es\/ogpi\/wp-content\/uploads\/2019\/08\/duotone-13.png\",\"width\":1440,\"height\":961},{\"@type\":\"BreadcrumbList\",\"@id\":\"https:\/\/servicio.us.es\/ogpi\/inicio\/tramite-de-firmas\/#breadcrumb\",\"itemListElement\":[{\"@type\":\"ListItem\",\"position\":1,\"name\":\"Inicio\",\"item\":\"https:\/\/servicio.us.es\/ogpi\/\"},{\"@type\":\"ListItem\",\"position\":2,\"name\":\"Tr\u00e1mite de Firmas\"}]},{\"@type\":\"WebSite\",\"@id\":\"https:\/\/localhost\/ogpi\/#website\",\"url\":\"https:\/\/localhost\/ogpi\/\",\"name\":\"OGPI\",\"description\":\"Oficina General de Proyectos Internacionales de la Universidad de Sevilla\",\"publisher\":{\"@id\":\"https:\/\/localhost\/ogpi\/#organization\"},\"potentialAction\":[{\"@type\":\"SearchAction\",\"target\":{\"@type\":\"EntryPoint\",\"urlTemplate\":\"https:\/\/localhost\/ogpi\/?s={search_term_string}\"},\"query-input\":{\"@type\":\"PropertyValueSpecification\",\"valueRequired\":true,\"valueName\":\"search_term_string\"}}],\"inLanguage\":\"es\"},{\"@type\":\"Organization\",\"@id\":\"https:\/\/localhost\/ogpi\/#organization\",\"name\":\"OGPI\",\"url\":\"https:\/\/localhost\/ogpi\/\",\"logo\":{\"@type\":\"ImageObject\",\"inLanguage\":\"es\",\"@id\":\"https:\/\/localhost\/ogpi\/#\/schema\/logo\/image\/\",\"url\":\"https:\/\/servicio.us.es\/ogpi\/wp-content\/uploads\/2019\/08\/cropped-Logo-US.png\",\"contentUrl\":\"https:\/\/servicio.us.es\/ogpi\/wp-content\/uploads\/2019\/08\/cropped-Logo-US.png\",\"width\":122,\"height\":50,\"caption\":\"OGPI\"},\"image\":{\"@id\":\"https:\/\/localhost\/ogpi\/#\/schema\/logo\/image\/\"}}]}<\/script>\n<!-- \/ Yoast SEO plugin. -->","yoast_head_json":{"title":"Tr\u00e1mite de Firmas - OGPI","robots":{"index":"index","follow":"follow","max-snippet":"max-snippet:-1","max-image-preview":"max-image-preview:large","max-video-preview":"max-video-preview:-1"},"canonical":"https:\/\/servicio.us.es\/ogpi\/inicio\/tramite-de-firmas\/","og_locale":"es_ES","og_type":"article","og_title":"Tr\u00e1mite de Firmas - OGPI","og_description":"Tr\u00e1mite para la firma de documentos Tr\u00e1mite y revisi\u00f3n documental de las propuestas y solicitud de la firma del Representante Legal de la US de documentos oficiales.\u00a0Ponte en contacto con nosotros a trav\u00e9s del correo electr\u00f3nico ogpi@us.es,\u202findicando los detalles de la convocatoria y la propuesta y adjuntando la documentaci\u00f3n a firmar y contactaremos contigo.\u00a0 Los ... Leer m\u00e1s","og_url":"https:\/\/servicio.us.es\/ogpi\/inicio\/tramite-de-firmas\/","og_site_name":"OGPI","article_modified_time":"2022-03-15T12:59:57+00:00","og_image":[{"width":1440,"height":961,"url":"https:\/\/servicio.us.es\/ogpi\/wp-content\/uploads\/2019\/08\/duotone-13.png","type":"image\/png"}],"twitter_card":"summary_large_image","twitter_misc":{"Tiempo de lectura":"1 minuto"},"schema":{"@context":"https:\/\/schema.org","@graph":[{"@type":"WebPage","@id":"https:\/\/servicio.us.es\/ogpi\/inicio\/tramite-de-firmas\/","url":"https:\/\/servicio.us.es\/ogpi\/inicio\/tramite-de-firmas\/","name":"Tr\u00e1mite de Firmas - OGPI","isPartOf":{"@id":"https:\/\/localhost\/ogpi\/#website"},"primaryImageOfPage":{"@id":"https:\/\/servicio.us.es\/ogpi\/inicio\/tramite-de-firmas\/#primaryimage"},"image":{"@id":"https:\/\/servicio.us.es\/ogpi\/inicio\/tramite-de-firmas\/#primaryimage"},"thumbnailUrl":"https:\/\/servicio.us.es\/ogpi\/wp-content\/uploads\/2019\/08\/duotone-13.png","datePublished":"2020-10-23T12:16:03+00:00","dateModified":"2022-03-15T12:59:57+00:00","breadcrumb":{"@id":"https:\/\/servicio.us.es\/ogpi\/inicio\/tramite-de-firmas\/#breadcrumb"},"inLanguage":"es","potentialAction":[{"@type":"ReadAction","target":["https:\/\/servicio.us.es\/ogpi\/inicio\/tramite-de-firmas\/"]}]},{"@type":"ImageObject","inLanguage":"es","@id":"https:\/\/servicio.us.es\/ogpi\/inicio\/tramite-de-firmas\/#primaryimage","url":"https:\/\/servicio.us.es\/ogpi\/wp-content\/uploads\/2019\/08\/duotone-13.png","contentUrl":"https:\/\/servicio.us.es\/ogpi\/wp-content\/uploads\/2019\/08\/duotone-13.png","width":1440,"height":961},{"@type":"BreadcrumbList","@id":"https:\/\/servicio.us.es\/ogpi\/inicio\/tramite-de-firmas\/#breadcrumb","itemListElement":[{"@type":"ListItem","position":1,"name":"Inicio","item":"https:\/\/servicio.us.es\/ogpi\/"},{"@type":"ListItem","position":2,"name":"Tr\u00e1mite de Firmas"}]},{"@type":"WebSite","@id":"https:\/\/localhost\/ogpi\/#website","url":"https:\/\/localhost\/ogpi\/","name":"OGPI","description":"Oficina General de Proyectos Internacionales de la Universidad de Sevilla","publisher":{"@id":"https:\/\/localhost\/ogpi\/#organization"},"potentialAction":[{"@type":"SearchAction","target":{"@type":"EntryPoint","urlTemplate":"https:\/\/localhost\/ogpi\/?s={search_term_string}"},"query-input":{"@type":"PropertyValueSpecification","valueRequired":true,"valueName":"search_term_string"}}],"inLanguage":"es"},{"@type":"Organization","@id":"https:\/\/localhost\/ogpi\/#organization","name":"OGPI","url":"https:\/\/localhost\/ogpi\/","logo":{"@type":"ImageObject","inLanguage":"es","@id":"https:\/\/localhost\/ogpi\/#\/schema\/logo\/image\/","url":"https:\/\/servicio.us.es\/ogpi\/wp-content\/uploads\/2019\/08\/cropped-Logo-US.png","contentUrl":"https:\/\/servicio.us.es\/ogpi\/wp-content\/uploads\/2019\/08\/cropped-Logo-US.png","width":122,"height":50,"caption":"OGPI"},"image":{"@id":"https:\/\/localhost\/ogpi\/#\/schema\/logo\/image\/"}}]}},"_links":{"self":[{"href":"https:\/\/servicio.us.es\/ogpi\/wp-json\/wp\/v2\/pages\/1309","targetHints":{"allow":["GET"]}}],"collection":[{"href":"https:\/\/servicio.us.es\/ogpi\/wp-json\/wp\/v2\/pages"}],"about":[{"href":"https:\/\/servicio.us.es\/ogpi\/wp-json\/wp\/v2\/types\/page"}],"author":[{"embeddable":true,"href":"https:\/\/servicio.us.es\/ogpi\/wp-json\/wp\/v2\/users\/1"}],"replies":[{"embeddable":true,"href":"https:\/\/servicio.us.es\/ogpi\/wp-json\/wp\/v2\/comments?post=1309"}],"version-history":[{"count":0,"href":"https:\/\/servicio.us.es\/ogpi\/wp-json\/wp\/v2\/pages\/1309\/revisions"}],"up":[{"embeddable":true,"href":"https:\/\/servicio.us.es\/ogpi\/wp-json\/wp\/v2\/pages\/6"}],"wp:featuredmedia":[{"embeddable":true,"href":"https:\/\/servicio.us.es\/ogpi\/wp-json\/wp\/v2\/media\/31"}],"wp:attachment":[{"href":"https:\/\/servicio.us.es\/ogpi\/wp-json\/wp\/v2\/media?parent=1309"}],"curies":[{"name":"wp","href":"https:\/\/api.w.org\/{rel}","templated":true}]}}