{"id":1176,"date":"2020-10-14T12:59:44","date_gmt":"2020-10-14T10:59:44","guid":{"rendered":"https:\/\/servicio.us.es\/ogpi\/?page_id=1176"},"modified":"2022-03-17T10:21:40","modified_gmt":"2022-03-17T09:21:40","slug":"ogpi-mision-vision-y-plan-de-actuacion","status":"publish","type":"page","link":"https:\/\/servicio.us.es\/ogpi\/inicio\/ogpi-mision-vision-y-plan-de-actuacion\/","title":{"rendered":"Misi\u00f3n y Visi\u00f3n"},"content":{"rendered":"\t\t<div data-elementor-type=\"wp-post\" data-elementor-id=\"1176\" class=\"elementor elementor-1176\" data-elementor-post-type=\"page\">\n\t\t\t\t\t\t<section class=\"elementor-section elementor-top-section elementor-element elementor-element-e0a4ea3 elementor-section-full_width elementor-section-height-default elementor-section-height-default\" data-id=\"e0a4ea3\" data-element_type=\"section\" data-e-type=\"section\" data-settings=\"{&quot;background_background&quot;:&quot;classic&quot;}\">\n\t\t\t\t\t\t<div class=\"elementor-container elementor-column-gap-default\">\n\t\t\t\t\t<div class=\"elementor-column elementor-col-100 elementor-top-column elementor-element elementor-element-c87765f\" data-id=\"c87765f\" data-element_type=\"column\" data-e-type=\"column\" data-settings=\"{&quot;background_background&quot;:&quot;classic&quot;}\">\n\t\t\t<div class=\"elementor-widget-wrap elementor-element-populated\">\n\t\t\t\t\t\t<section class=\"elementor-section elementor-inner-section elementor-element elementor-element-285ad2c elementor-section-boxed elementor-section-height-default elementor-section-height-default\" data-id=\"285ad2c\" data-element_type=\"section\" data-e-type=\"section\">\n\t\t\t\t\t\t<div class=\"elementor-container elementor-column-gap-default\">\n\t\t\t\t\t<div class=\"elementor-column elementor-col-100 elementor-inner-column elementor-element elementor-element-384ccff\" data-id=\"384ccff\" data-element_type=\"column\" data-e-type=\"column\">\n\t\t\t<div class=\"elementor-widget-wrap elementor-element-populated\">\n\t\t\t\t\t\t\t<\/div>\n\t\t<\/div>\n\t\t\t\t\t<\/div>\n\t\t<\/section>\n\t\t\t\t\t<\/div>\n\t\t<\/div>\n\t\t\t\t\t<\/div>\n\t\t<\/section>\n\t\t\t\t<section class=\"elementor-section elementor-top-section elementor-element elementor-element-b8615f9 elementor-section-boxed elementor-section-height-default elementor-section-height-default\" data-id=\"b8615f9\" data-element_type=\"section\" data-e-type=\"section\">\n\t\t\t\t\t\t<div class=\"elementor-container elementor-column-gap-default\">\n\t\t\t\t\t<div class=\"elementor-column elementor-col-100 elementor-top-column elementor-element elementor-element-8972041\" data-id=\"8972041\" data-element_type=\"column\" data-e-type=\"column\">\n\t\t\t<div class=\"elementor-widget-wrap elementor-element-populated\">\n\t\t\t\t\t\t<div class=\"elementor-element elementor-element-3c78fcc elementor-widget elementor-widget-breadcrumbs\" data-id=\"3c78fcc\" data-element_type=\"widget\" data-e-type=\"widget\" data-widget_type=\"breadcrumbs.default\">\n\t\t\t\t<div class=\"elementor-widget-container\">\n\t\t\t\t\t<p id=\"breadcrumbs\"><\/p>\t\t\t\t<\/div>\n\t\t\t\t<\/div>\n\t\t\t\t\t<\/div>\n\t\t<\/div>\n\t\t\t\t\t<\/div>\n\t\t<\/section>\n\t\t\t\t<section class=\"elementor-section elementor-top-section elementor-element elementor-element-027ad32 elementor-section-boxed elementor-section-height-default elementor-section-height-default\" data-id=\"027ad32\" data-element_type=\"section\" data-e-type=\"section\">\n\t\t\t\t\t\t<div class=\"elementor-container elementor-column-gap-default\">\n\t\t\t\t\t<div class=\"elementor-column elementor-col-50 elementor-top-column elementor-element elementor-element-445a0f5 elementor-hidden-tablet elementor-hidden-phone\" data-id=\"445a0f5\" data-element_type=\"column\" data-e-type=\"column\">\n\t\t\t<div class=\"elementor-widget-wrap elementor-element-populated\">\n\t\t\t\t\t\t<section class=\"elementor-section elementor-inner-section elementor-element elementor-element-f236389 elementor-section-boxed elementor-section-height-default elementor-section-height-default\" data-id=\"f236389\" data-element_type=\"section\" data-e-type=\"section\" data-settings=\"{&quot;sticky&quot;:&quot;top&quot;,&quot;sticky_offset&quot;:50,&quot;sticky_on&quot;:[&quot;desktop&quot;,&quot;tablet&quot;,&quot;mobile&quot;],&quot;sticky_effects_offset&quot;:0,&quot;sticky_anchor_link_offset&quot;:0}\">\n\t\t\t\t\t\t<div class=\"elementor-container elementor-column-gap-default\">\n\t\t\t\t\t<div class=\"elementor-column elementor-col-100 elementor-inner-column elementor-element elementor-element-704f40e\" data-id=\"704f40e\" data-element_type=\"column\" data-e-type=\"column\">\n\t\t\t<div class=\"elementor-widget-wrap elementor-element-populated\">\n\t\t\t\t\t\t<div class=\"elementor-element elementor-element-accf36b elementor-nav-menu__align-start elementor-nav-menu--dropdown-mobile navLateral elementor-nav-menu__text-align-aside elementor-nav-menu--toggle elementor-nav-menu--burger elementor-widget elementor-widget-nav-menu\" data-id=\"accf36b\" data-element_type=\"widget\" data-e-type=\"widget\" data-settings=\"{&quot;layout&quot;:&quot;vertical&quot;,&quot;submenu_icon&quot;:{&quot;value&quot;:&quot;&lt;i class=\\&quot;fas fa-caret-down\\&quot;&gt;&lt;\\\/i&gt;&quot;,&quot;library&quot;:&quot;fa-solid&quot;},&quot;toggle&quot;:&quot;burger&quot;}\" data-widget_type=\"nav-menu.default\">\n\t\t\t\t<div class=\"elementor-widget-container\">\n\t\t\t\t\t\t\t\t<nav aria-label=\"Men\u00fa\" class=\"elementor-nav-menu--main elementor-nav-menu__container elementor-nav-menu--layout-vertical e--pointer-none\">\n\t\t\t\t<ul id=\"menu-1-accf36b\" class=\"elementor-nav-menu sm-vertical\"><li class=\"menu-item menu-item-type-custom menu-item-object-custom menu-item-216\"><a href=\"#ancla2\" class=\"elementor-item elementor-item-anchor\">Misi\u00f3n<\/a><\/li>\n<li class=\"menu-item menu-item-type-custom menu-item-object-custom menu-item-217\"><a href=\"#ancla3\" class=\"elementor-item elementor-item-anchor\">Visi\u00f3n<\/a><\/li>\n<\/ul>\t\t\t<\/nav>\n\t\t\t\t\t<div class=\"elementor-menu-toggle\" role=\"button\" tabindex=\"0\" aria-label=\"Alternar men\u00fa\" aria-expanded=\"false\">\n\t\t\t<i aria-hidden=\"true\" role=\"presentation\" class=\"elementor-menu-toggle__icon--open eicon-menu-bar\"><\/i><i aria-hidden=\"true\" role=\"presentation\" class=\"elementor-menu-toggle__icon--close eicon-close\"><\/i>\t\t<\/div>\n\t\t\t\t\t<nav class=\"elementor-nav-menu--dropdown elementor-nav-menu__container\" aria-hidden=\"true\">\n\t\t\t\t<ul id=\"menu-2-accf36b\" class=\"elementor-nav-menu sm-vertical\"><li class=\"menu-item menu-item-type-custom menu-item-object-custom menu-item-216\"><a href=\"#ancla2\" class=\"elementor-item elementor-item-anchor\" tabindex=\"-1\">Misi\u00f3n<\/a><\/li>\n<li class=\"menu-item menu-item-type-custom menu-item-object-custom menu-item-217\"><a href=\"#ancla3\" class=\"elementor-item elementor-item-anchor\" tabindex=\"-1\">Visi\u00f3n<\/a><\/li>\n<\/ul>\t\t\t<\/nav>\n\t\t\t\t\t\t<\/div>\n\t\t\t\t<\/div>\n\t\t\t\t\t<\/div>\n\t\t<\/div>\n\t\t\t\t\t<\/div>\n\t\t<\/section>\n\t\t\t\t\t<\/div>\n\t\t<\/div>\n\t\t\t\t<div class=\"elementor-column elementor-col-50 elementor-top-column elementor-element elementor-element-22fe25d\" data-id=\"22fe25d\" data-element_type=\"column\" data-e-type=\"column\">\n\t\t\t<div class=\"elementor-widget-wrap elementor-element-populated\">\n\t\t\t\t\t\t<section class=\"elementor-section elementor-inner-section elementor-element elementor-element-16172ac elementor-section-boxed elementor-section-height-default elementor-section-height-default\" data-id=\"16172ac\" data-element_type=\"section\" data-e-type=\"section\">\n\t\t\t\t\t\t<div class=\"elementor-container elementor-column-gap-default\">\n\t\t\t\t\t<div class=\"elementor-column elementor-col-100 elementor-inner-column elementor-element elementor-element-c547397\" data-id=\"c547397\" data-element_type=\"column\" data-e-type=\"column\">\n\t\t\t<div class=\"elementor-widget-wrap elementor-element-populated\">\n\t\t\t\t\t\t<div class=\"elementor-element elementor-element-4bd70b7 elementor-widget elementor-widget-menu-anchor\" data-id=\"4bd70b7\" data-element_type=\"widget\" data-e-type=\"widget\" data-widget_type=\"menu-anchor.default\">\n\t\t\t\t<div class=\"elementor-widget-container\">\n\t\t\t\t\t\t\t<div class=\"elementor-menu-anchor\" id=\"ancla2\"><\/div>\n\t\t\t\t\t\t<\/div>\n\t\t\t\t<\/div>\n\t\t\t\t<div class=\"elementor-element elementor-element-437997f elementor-widget elementor-widget-heading\" data-id=\"437997f\" data-element_type=\"widget\" data-e-type=\"widget\" data-widget_type=\"heading.default\">\n\t\t\t\t<div class=\"elementor-widget-container\">\n\t\t\t\t\t<h2 class=\"elementor-heading-title elementor-size-default\">Misi\u00f3n<\/h2>\t\t\t\t<\/div>\n\t\t\t\t<\/div>\n\t\t\t\t<div class=\"elementor-element elementor-element-68b146c elementor-widget elementor-widget-text-editor\" data-id=\"68b146c\" data-element_type=\"widget\" data-e-type=\"widget\" data-widget_type=\"text-editor.default\">\n\t\t\t\t<div class=\"elementor-widget-container\">\n\t\t\t\t\t\t\t\t\t<p>La OGPI es la herramienta de la US para el impulso de los proyectos internacionales, fomentando, asesorando, y apoyando la tramitaci\u00f3n documental de propuestas y gestionando proyectos Erasmus+ concedidos,. La OGPI se constituye tambi\u00e9n como referencia para el an\u00e1lisis y seguimiento de la evoluci\u00f3n del conjunto de proyectos internacionales de la universidad. Impulsa, adem\u00e1s, el posicionamiento de la US en los principales \u00f3rganos de influencia y gesti\u00f3n de proyectos internacionales, especialmente en programas europeos, implic\u00e1ndose activamente en foros para la internacionalizaci\u00f3n de la docencia y la investigaci\u00f3n.<\/p>\t\t\t\t\t\t\t\t<\/div>\n\t\t\t\t<\/div>\n\t\t\t\t\t<\/div>\n\t\t<\/div>\n\t\t\t\t\t<\/div>\n\t\t<\/section>\n\t\t\t\t<section class=\"elementor-section elementor-inner-section elementor-element elementor-element-e9f4350 elementor-section-boxed elementor-section-height-default elementor-section-height-default\" data-id=\"e9f4350\" data-element_type=\"section\" data-e-type=\"section\">\n\t\t\t\t\t\t<div class=\"elementor-container elementor-column-gap-default\">\n\t\t\t\t\t<div class=\"elementor-column elementor-col-100 elementor-inner-column elementor-element elementor-element-c9853c8\" data-id=\"c9853c8\" data-element_type=\"column\" data-e-type=\"column\">\n\t\t\t<div class=\"elementor-widget-wrap elementor-element-populated\">\n\t\t\t\t\t\t<div class=\"elementor-element elementor-element-5c0c31e elementor-widget elementor-widget-menu-anchor\" data-id=\"5c0c31e\" data-element_type=\"widget\" data-e-type=\"widget\" data-widget_type=\"menu-anchor.default\">\n\t\t\t\t<div class=\"elementor-widget-container\">\n\t\t\t\t\t\t\t<div class=\"elementor-menu-anchor\" id=\"ancla3\"><\/div>\n\t\t\t\t\t\t<\/div>\n\t\t\t\t<\/div>\n\t\t\t\t<div class=\"elementor-element elementor-element-57a446a elementor-widget elementor-widget-heading\" data-id=\"57a446a\" data-element_type=\"widget\" data-e-type=\"widget\" data-widget_type=\"heading.default\">\n\t\t\t\t<div class=\"elementor-widget-container\">\n\t\t\t\t\t<h2 class=\"elementor-heading-title elementor-size-default\">Visi\u00f3n<\/h2>\t\t\t\t<\/div>\n\t\t\t\t<\/div>\n\t\t\t\t<div class=\"elementor-element elementor-element-0aacd10 elementor-widget elementor-widget-text-editor\" data-id=\"0aacd10\" data-element_type=\"widget\" data-e-type=\"widget\" data-widget_type=\"text-editor.default\">\n\t\t\t\t<div class=\"elementor-widget-container\">\n\t\t\t\t\t\t\t\t\t<p>La OGPI pretende, en primer lugar, llegar a ser el punto de referencia para la comunidad universitaria, como \u00f3rgano encargado de apoyar, promover y facilitar la consecuci\u00f3n de proyectos internacionales, acad\u00e9micos y de investigaci\u00f3n, as\u00ed como la gesti\u00f3n integral de la mayor\u00eda de los proyectos acad\u00e9micos. En segundo lugar, ser referente para aquellos agentes externos que buscan partners en la US y en tercer lugar, la OGPI aspira a ser un modelo de Oficina de Proyectos tanto a nivel nacional como internacional.<\/p>\t\t\t\t\t\t\t\t<\/div>\n\t\t\t\t<\/div>\n\t\t\t\t\t<\/div>\n\t\t<\/div>\n\t\t\t\t\t<\/div>\n\t\t<\/section>\n\t\t\t\t<div class=\"elementor-element elementor-element-98401ac elementor-align-left elementor-hidden-desktop elementor-hidden-tablet elementor-hidden-phone elementor-widget elementor-widget-button\" data-id=\"98401ac\" data-element_type=\"widget\" data-e-type=\"widget\" data-widget_type=\"button.default\">\n\t\t\t\t<div class=\"elementor-widget-container\">\n\t\t\t\t\t\t\t\t\t<div class=\"elementor-button-wrapper\">\n\t\t\t\t\t<a class=\"elementor-button elementor-button-link elementor-size-sm\" href=\"https:\/\/servicio.us.es\/ogpi\/wp-content\/uploads\/2020\/11\/Plan-de-Actuaci\u00f3n-OGPI-2016-2020-3.pdf\" target=\"_blank\">\n\t\t\t\t\t\t<span class=\"elementor-button-content-wrapper\">\n\t\t\t\t\t\t\t\t\t<span class=\"elementor-button-text\">descargar plan de actuaci\u00f3n<\/span>\n\t\t\t\t\t<\/span>\n\t\t\t\t\t<\/a>\n\t\t\t\t<\/div>\n\t\t\t\t\t\t\t\t<\/div>\n\t\t\t\t<\/div>\n\t\t\t\t<div class=\"elementor-element elementor-element-ff16f0e elementor-widget elementor-widget-spacer\" data-id=\"ff16f0e\" data-element_type=\"widget\" data-e-type=\"widget\" data-widget_type=\"spacer.default\">\n\t\t\t\t<div class=\"elementor-widget-container\">\n\t\t\t\t\t\t\t<div class=\"elementor-spacer\">\n\t\t\t<div class=\"elementor-spacer-inner\"><\/div>\n\t\t<\/div>\n\t\t\t\t\t\t<\/div>\n\t\t\t\t<\/div>\n\t\t\t\t\t<\/div>\n\t\t<\/div>\n\t\t\t\t\t<\/div>\n\t\t<\/section>\n\t\t\t\t<\/div>\n\t\t","protected":false},"excerpt":{"rendered":"<p>Misi\u00f3n La OGPI es la herramienta de la US para el impulso de los proyectos internacionales, fomentando, asesorando, y apoyando la tramitaci\u00f3n documental de propuestas y gestionando proyectos Erasmus+ concedidos,. La OGPI se constituye tambi\u00e9n como referencia para el an\u00e1lisis y seguimiento de la evoluci\u00f3n del conjunto de proyectos internacionales de la universidad. Impulsa, adem\u00e1s, &#8230; <a title=\"Misi\u00f3n y Visi\u00f3n\" class=\"read-more\" href=\"https:\/\/servicio.us.es\/ogpi\/inicio\/ogpi-mision-vision-y-plan-de-actuacion\/\" aria-label=\"Leer m\u00e1s sobre Misi\u00f3n y Visi\u00f3n\">Leer m\u00e1s<\/a><\/p>\n","protected":false},"author":1,"featured_media":31,"parent":6,"menu_order":0,"comment_status":"closed","ping_status":"closed","template":"elementor_header_footer","meta":{"footnotes":""},"class_list":["post-1176","page","type-page","status-publish","has-post-thumbnail"],"yoast_head":"<!-- This site is optimized with the Yoast SEO plugin v25.4 - https:\/\/yoast.com\/wordpress\/plugins\/seo\/ -->\n<title>Misi\u00f3n y Visi\u00f3n - OGPI<\/title>\n<meta name=\"robots\" content=\"index, follow, max-snippet:-1, max-image-preview:large, max-video-preview:-1\" \/>\n<link rel=\"canonical\" href=\"https:\/\/servicio.us.es\/ogpi\/inicio\/ogpi-mision-vision-y-plan-de-actuacion\/\" \/>\n<meta property=\"og:locale\" content=\"es_ES\" \/>\n<meta property=\"og:type\" content=\"article\" \/>\n<meta property=\"og:title\" content=\"Misi\u00f3n y Visi\u00f3n - OGPI\" \/>\n<meta property=\"og:description\" content=\"Misi\u00f3n La OGPI es la herramienta de la US para el impulso de los proyectos internacionales, fomentando, asesorando, y apoyando la tramitaci\u00f3n documental de propuestas y gestionando proyectos Erasmus+ concedidos,. La OGPI se constituye tambi\u00e9n como referencia para el an\u00e1lisis y seguimiento de la evoluci\u00f3n del conjunto de proyectos internacionales de la universidad. Impulsa, adem\u00e1s, ... Leer m\u00e1s\" \/>\n<meta property=\"og:url\" content=\"https:\/\/servicio.us.es\/ogpi\/inicio\/ogpi-mision-vision-y-plan-de-actuacion\/\" \/>\n<meta property=\"og:site_name\" content=\"OGPI\" \/>\n<meta property=\"article:modified_time\" content=\"2022-03-17T09:21:40+00:00\" \/>\n<meta property=\"og:image\" content=\"https:\/\/servicio.us.es\/ogpi\/wp-content\/uploads\/2019\/08\/duotone-13.png\" \/>\n\t<meta property=\"og:image:width\" content=\"1440\" \/>\n\t<meta property=\"og:image:height\" content=\"961\" \/>\n\t<meta property=\"og:image:type\" content=\"image\/png\" \/>\n<meta name=\"twitter:card\" content=\"summary_large_image\" \/>\n<meta name=\"twitter:label1\" content=\"Tiempo de lectura\" \/>\n\t<meta name=\"twitter:data1\" content=\"1 minuto\" \/>\n<script type=\"application\/ld+json\" class=\"yoast-schema-graph\">{\"@context\":\"https:\/\/schema.org\",\"@graph\":[{\"@type\":\"WebPage\",\"@id\":\"https:\/\/servicio.us.es\/ogpi\/inicio\/ogpi-mision-vision-y-plan-de-actuacion\/\",\"url\":\"https:\/\/servicio.us.es\/ogpi\/inicio\/ogpi-mision-vision-y-plan-de-actuacion\/\",\"name\":\"Misi\u00f3n y Visi\u00f3n - OGPI\",\"isPartOf\":{\"@id\":\"https:\/\/localhost\/ogpi\/#website\"},\"primaryImageOfPage\":{\"@id\":\"https:\/\/servicio.us.es\/ogpi\/inicio\/ogpi-mision-vision-y-plan-de-actuacion\/#primaryimage\"},\"image\":{\"@id\":\"https:\/\/servicio.us.es\/ogpi\/inicio\/ogpi-mision-vision-y-plan-de-actuacion\/#primaryimage\"},\"thumbnailUrl\":\"https:\/\/servicio.us.es\/ogpi\/wp-content\/uploads\/2019\/08\/duotone-13.png\",\"datePublished\":\"2020-10-14T10:59:44+00:00\",\"dateModified\":\"2022-03-17T09:21:40+00:00\",\"breadcrumb\":{\"@id\":\"https:\/\/servicio.us.es\/ogpi\/inicio\/ogpi-mision-vision-y-plan-de-actuacion\/#breadcrumb\"},\"inLanguage\":\"es\",\"potentialAction\":[{\"@type\":\"ReadAction\",\"target\":[\"https:\/\/servicio.us.es\/ogpi\/inicio\/ogpi-mision-vision-y-plan-de-actuacion\/\"]}]},{\"@type\":\"ImageObject\",\"inLanguage\":\"es\",\"@id\":\"https:\/\/servicio.us.es\/ogpi\/inicio\/ogpi-mision-vision-y-plan-de-actuacion\/#primaryimage\",\"url\":\"https:\/\/servicio.us.es\/ogpi\/wp-content\/uploads\/2019\/08\/duotone-13.png\",\"contentUrl\":\"https:\/\/servicio.us.es\/ogpi\/wp-content\/uploads\/2019\/08\/duotone-13.png\",\"width\":1440,\"height\":961},{\"@type\":\"BreadcrumbList\",\"@id\":\"https:\/\/servicio.us.es\/ogpi\/inicio\/ogpi-mision-vision-y-plan-de-actuacion\/#breadcrumb\",\"itemListElement\":[{\"@type\":\"ListItem\",\"position\":1,\"name\":\"Inicio\",\"item\":\"https:\/\/servicio.us.es\/ogpi\/\"},{\"@type\":\"ListItem\",\"position\":2,\"name\":\"Misi\u00f3n y Visi\u00f3n\"}]},{\"@type\":\"WebSite\",\"@id\":\"https:\/\/localhost\/ogpi\/#website\",\"url\":\"https:\/\/localhost\/ogpi\/\",\"name\":\"OGPI\",\"description\":\"Oficina General de Proyectos Internacionales de la Universidad de Sevilla\",\"publisher\":{\"@id\":\"https:\/\/localhost\/ogpi\/#organization\"},\"potentialAction\":[{\"@type\":\"SearchAction\",\"target\":{\"@type\":\"EntryPoint\",\"urlTemplate\":\"https:\/\/localhost\/ogpi\/?s={search_term_string}\"},\"query-input\":{\"@type\":\"PropertyValueSpecification\",\"valueRequired\":true,\"valueName\":\"search_term_string\"}}],\"inLanguage\":\"es\"},{\"@type\":\"Organization\",\"@id\":\"https:\/\/localhost\/ogpi\/#organization\",\"name\":\"OGPI\",\"url\":\"https:\/\/localhost\/ogpi\/\",\"logo\":{\"@type\":\"ImageObject\",\"inLanguage\":\"es\",\"@id\":\"https:\/\/localhost\/ogpi\/#\/schema\/logo\/image\/\",\"url\":\"https:\/\/servicio.us.es\/ogpi\/wp-content\/uploads\/2019\/08\/cropped-Logo-US.png\",\"contentUrl\":\"https:\/\/servicio.us.es\/ogpi\/wp-content\/uploads\/2019\/08\/cropped-Logo-US.png\",\"width\":122,\"height\":50,\"caption\":\"OGPI\"},\"image\":{\"@id\":\"https:\/\/localhost\/ogpi\/#\/schema\/logo\/image\/\"}}]}<\/script>\n<!-- \/ Yoast SEO plugin. -->","yoast_head_json":{"title":"Misi\u00f3n y Visi\u00f3n - OGPI","robots":{"index":"index","follow":"follow","max-snippet":"max-snippet:-1","max-image-preview":"max-image-preview:large","max-video-preview":"max-video-preview:-1"},"canonical":"https:\/\/servicio.us.es\/ogpi\/inicio\/ogpi-mision-vision-y-plan-de-actuacion\/","og_locale":"es_ES","og_type":"article","og_title":"Misi\u00f3n y Visi\u00f3n - OGPI","og_description":"Misi\u00f3n La OGPI es la herramienta de la US para el impulso de los proyectos internacionales, fomentando, asesorando, y apoyando la tramitaci\u00f3n documental de propuestas y gestionando proyectos Erasmus+ concedidos,. La OGPI se constituye tambi\u00e9n como referencia para el an\u00e1lisis y seguimiento de la evoluci\u00f3n del conjunto de proyectos internacionales de la universidad. Impulsa, adem\u00e1s, ... Leer m\u00e1s","og_url":"https:\/\/servicio.us.es\/ogpi\/inicio\/ogpi-mision-vision-y-plan-de-actuacion\/","og_site_name":"OGPI","article_modified_time":"2022-03-17T09:21:40+00:00","og_image":[{"width":1440,"height":961,"url":"https:\/\/servicio.us.es\/ogpi\/wp-content\/uploads\/2019\/08\/duotone-13.png","type":"image\/png"}],"twitter_card":"summary_large_image","twitter_misc":{"Tiempo de lectura":"1 minuto"},"schema":{"@context":"https:\/\/schema.org","@graph":[{"@type":"WebPage","@id":"https:\/\/servicio.us.es\/ogpi\/inicio\/ogpi-mision-vision-y-plan-de-actuacion\/","url":"https:\/\/servicio.us.es\/ogpi\/inicio\/ogpi-mision-vision-y-plan-de-actuacion\/","name":"Misi\u00f3n y Visi\u00f3n - OGPI","isPartOf":{"@id":"https:\/\/localhost\/ogpi\/#website"},"primaryImageOfPage":{"@id":"https:\/\/servicio.us.es\/ogpi\/inicio\/ogpi-mision-vision-y-plan-de-actuacion\/#primaryimage"},"image":{"@id":"https:\/\/servicio.us.es\/ogpi\/inicio\/ogpi-mision-vision-y-plan-de-actuacion\/#primaryimage"},"thumbnailUrl":"https:\/\/servicio.us.es\/ogpi\/wp-content\/uploads\/2019\/08\/duotone-13.png","datePublished":"2020-10-14T10:59:44+00:00","dateModified":"2022-03-17T09:21:40+00:00","breadcrumb":{"@id":"https:\/\/servicio.us.es\/ogpi\/inicio\/ogpi-mision-vision-y-plan-de-actuacion\/#breadcrumb"},"inLanguage":"es","potentialAction":[{"@type":"ReadAction","target":["https:\/\/servicio.us.es\/ogpi\/inicio\/ogpi-mision-vision-y-plan-de-actuacion\/"]}]},{"@type":"ImageObject","inLanguage":"es","@id":"https:\/\/servicio.us.es\/ogpi\/inicio\/ogpi-mision-vision-y-plan-de-actuacion\/#primaryimage","url":"https:\/\/servicio.us.es\/ogpi\/wp-content\/uploads\/2019\/08\/duotone-13.png","contentUrl":"https:\/\/servicio.us.es\/ogpi\/wp-content\/uploads\/2019\/08\/duotone-13.png","width":1440,"height":961},{"@type":"BreadcrumbList","@id":"https:\/\/servicio.us.es\/ogpi\/inicio\/ogpi-mision-vision-y-plan-de-actuacion\/#breadcrumb","itemListElement":[{"@type":"ListItem","position":1,"name":"Inicio","item":"https:\/\/servicio.us.es\/ogpi\/"},{"@type":"ListItem","position":2,"name":"Misi\u00f3n y Visi\u00f3n"}]},{"@type":"WebSite","@id":"https:\/\/localhost\/ogpi\/#website","url":"https:\/\/localhost\/ogpi\/","name":"OGPI","description":"Oficina General de Proyectos Internacionales de la Universidad de Sevilla","publisher":{"@id":"https:\/\/localhost\/ogpi\/#organization"},"potentialAction":[{"@type":"SearchAction","target":{"@type":"EntryPoint","urlTemplate":"https:\/\/localhost\/ogpi\/?s={search_term_string}"},"query-input":{"@type":"PropertyValueSpecification","valueRequired":true,"valueName":"search_term_string"}}],"inLanguage":"es"},{"@type":"Organization","@id":"https:\/\/localhost\/ogpi\/#organization","name":"OGPI","url":"https:\/\/localhost\/ogpi\/","logo":{"@type":"ImageObject","inLanguage":"es","@id":"https:\/\/localhost\/ogpi\/#\/schema\/logo\/image\/","url":"https:\/\/servicio.us.es\/ogpi\/wp-content\/uploads\/2019\/08\/cropped-Logo-US.png","contentUrl":"https:\/\/servicio.us.es\/ogpi\/wp-content\/uploads\/2019\/08\/cropped-Logo-US.png","width":122,"height":50,"caption":"OGPI"},"image":{"@id":"https:\/\/localhost\/ogpi\/#\/schema\/logo\/image\/"}}]}},"_links":{"self":[{"href":"https:\/\/servicio.us.es\/ogpi\/wp-json\/wp\/v2\/pages\/1176","targetHints":{"allow":["GET"]}}],"collection":[{"href":"https:\/\/servicio.us.es\/ogpi\/wp-json\/wp\/v2\/pages"}],"about":[{"href":"https:\/\/servicio.us.es\/ogpi\/wp-json\/wp\/v2\/types\/page"}],"author":[{"embeddable":true,"href":"https:\/\/servicio.us.es\/ogpi\/wp-json\/wp\/v2\/users\/1"}],"replies":[{"embeddable":true,"href":"https:\/\/servicio.us.es\/ogpi\/wp-json\/wp\/v2\/comments?post=1176"}],"version-history":[{"count":0,"href":"https:\/\/servicio.us.es\/ogpi\/wp-json\/wp\/v2\/pages\/1176\/revisions"}],"up":[{"embeddable":true,"href":"https:\/\/servicio.us.es\/ogpi\/wp-json\/wp\/v2\/pages\/6"}],"wp:featuredmedia":[{"embeddable":true,"href":"https:\/\/servicio.us.es\/ogpi\/wp-json\/wp\/v2\/media\/31"}],"wp:attachment":[{"href":"https:\/\/servicio.us.es\/ogpi\/wp-json\/wp\/v2\/media?parent=1176"}],"curies":[{"name":"wp","href":"https:\/\/api.w.org\/{rel}","templated":true}]}}